{"id":5545,"date":"2026-05-06T11:01:49","date_gmt":"2026-05-06T10:01:49","guid":{"rendered":"https:\/\/www.zonaires.com\/?page_id=5545"},"modified":"2026-05-06T11:02:08","modified_gmt":"2026-05-06T10:02:08","slug":"marie-billet","status":"publish","type":"page","link":"https:\/\/www.zonaires.com\/?page_id=5545","title":{"rendered":"Marie Billet"},"content":{"rendered":"<p style=\"margin: 0cm; text-align: justify;\"><span style=\"font-family: 'Garamond',serif; color: black;\"><a href=\"https:\/\/www.zonaires.com\/wp-content\/uploads\/2026\/05\/Marie-BILLET-portrait.jpeg\"><img loading=\"lazy\" class=\"alignleft size-thumbnail wp-image-5524\" src=\"https:\/\/www.zonaires.com\/wp-content\/uploads\/2026\/05\/Marie-BILLET-portrait-148x171.jpeg\" alt=\"\" width=\"148\" height=\"171\" srcset=\"https:\/\/www.zonaires.com\/wp-content\/uploads\/2026\/05\/Marie-BILLET-portrait-148x171.jpeg 148w, https:\/\/www.zonaires.com\/wp-content\/uploads\/2026\/05\/Marie-BILLET-portrait-300x347.jpeg 300w, https:\/\/www.zonaires.com\/wp-content\/uploads\/2026\/05\/Marie-BILLET-portrait-886x1024.jpeg 886w, https:\/\/www.zonaires.com\/wp-content\/uploads\/2026\/05\/Marie-BILLET-portrait-768x887.jpeg 768w, https:\/\/www.zonaires.com\/wp-content\/uploads\/2026\/05\/Marie-BILLET-portrait.jpeg 1170w\" sizes=\"(max-width: 148px) 100vw, 148px\" \/><\/a>Marie Billet r\u00e9side \u00e0 Grenoble o\u00f9 elle a exerc\u00e9 son m\u00e9tier d\u2019\u00e9ducatrice sp\u00e9cialis\u00e9e aupr\u00e8s de la jeunesse des quartiers dits \u00ab sensibles \u00bb de la ville.<\/span><\/p>\n<p style=\"margin: 0cm; text-align: justify;\"><span style=\"font-family: 'Garamond',serif; color: black;\">Elle est l\u2019auteure de plusieurs ouvrages, dans une qu\u00eate de sens qui<\/span> <span style=\"font-family: 'Garamond',serif; color: black;\">questionne nos rapports aux autres.<\/span><\/p>\n<p>Parution en mai 2026 de <a href=\"https:\/\/www.zonaires.com\/?p=5523\">Destins choisis<\/a>, r\u00e9cits d&#8217;exils<\/p>\n","protected":false},"excerpt":{"rendered":"<p>Marie Billet r\u00e9side \u00e0 Grenoble o\u00f9 elle a exerc\u00e9 son m\u00e9tier d\u2019\u00e9ducatrice sp\u00e9cialis\u00e9e aupr\u00e8s de la jeunesse des quartiers dits \u00ab sensibles \u00bb de la ville. Elle est l\u2019auteure de [&hellip;]<\/p>\n","protected":false},"author":1,"featured_media":0,"parent":2248,"menu_order":0,"comment_status":"closed","ping_status":"closed","template":"","meta":[],"_links":{"self":[{"href":"https:\/\/www.zonaires.com\/index.php?rest_route=\/wp\/v2\/pages\/5545"}],"collection":[{"href":"https:\/\/www.zonaires.com\/index.php?rest_route=\/wp\/v2\/pages"}],"about":[{"href":"https:\/\/www.zonaires.com\/index.php?rest_route=\/wp\/v2\/types\/page"}],"author":[{"embeddable":true,"href":"https:\/\/www.zonaires.com\/index.php?rest_route=\/wp\/v2\/users\/1"}],"replies":[{"embeddable":true,"href":"https:\/\/www.zonaires.com\/index.php?rest_route=%2Fwp%2Fv2%2Fcomments&post=5545"}],"version-history":[{"count":1,"href":"https:\/\/www.zonaires.com\/index.php?rest_route=\/wp\/v2\/pages\/5545\/revisions"}],"predecessor-version":[{"id":5546,"href":"https:\/\/www.zonaires.com\/index.php?rest_route=\/wp\/v2\/pages\/5545\/revisions\/5546"}],"up":[{"embeddable":true,"href":"https:\/\/www.zonaires.com\/index.php?rest_route=\/wp\/v2\/pages\/2248"}],"wp:attachment":[{"href":"https:\/\/www.zonaires.com\/index.php?rest_route=%2Fwp%2Fv2%2Fmedia&parent=5545"}],"curies":[{"name":"wp","href":"https:\/\/api.w.org\/{rel}","templated":true}]}}