{"id":5465,"date":"2026-03-08T18:23:08","date_gmt":"2026-03-08T17:23:08","guid":{"rendered":"https:\/\/www.zonaires.com\/?page_id=5465"},"modified":"2026-03-08T18:23:08","modified_gmt":"2026-03-08T17:23:08","slug":"florence-verney","status":"publish","type":"page","link":"https:\/\/www.zonaires.com\/?page_id=5465","title":{"rendered":"Florence Verney"},"content":{"rendered":"<p><strong><em>L\u2019autrice<\/em><\/strong><\/p>\n<p>Au moment du naufrage de l\u2019Erika, Florence Verney a dix ans. Depuis, elle fait tr\u00e8s attention aux cr\u00e9atures des rivages. Elle en pr\u00e9l\u00e8ve parfois quelques-unes dans ses paniers fictionnels.<br \/>\nDipl\u00f4m\u00e9e de l\u2019ENS de Lyon, elle travaille dans le milieu du th\u00e9\u00e2tre depuis une dizaine d\u2019ann\u00e9es, tout en \u00e9crivant. Il lui arrive aussi d\u2019organiser et de participer \u00e0 des sc\u00e8nes ouvertes de po\u00e9sie.<\/p>\n<p><a href=\"https:\/\/www.zonaires.com\/?p=5406\"><strong>La Mer\u00a0 a disparu<\/strong><\/a>, recueil de nouvelles paru en f\u00e9vrier 2026<\/p>\n","protected":false},"excerpt":{"rendered":"<p>L\u2019autrice Au moment du naufrage de l\u2019Erika, Florence Verney a dix ans. Depuis, elle fait tr\u00e8s attention aux cr\u00e9atures des rivages. Elle en pr\u00e9l\u00e8ve parfois quelques-unes dans ses paniers fictionnels. [&hellip;]<\/p>\n","protected":false},"author":1,"featured_media":0,"parent":2248,"menu_order":0,"comment_status":"closed","ping_status":"closed","template":"","meta":[],"_links":{"self":[{"href":"https:\/\/www.zonaires.com\/index.php?rest_route=\/wp\/v2\/pages\/5465"}],"collection":[{"href":"https:\/\/www.zonaires.com\/index.php?rest_route=\/wp\/v2\/pages"}],"about":[{"href":"https:\/\/www.zonaires.com\/index.php?rest_route=\/wp\/v2\/types\/page"}],"author":[{"embeddable":true,"href":"https:\/\/www.zonaires.com\/index.php?rest_route=\/wp\/v2\/users\/1"}],"replies":[{"embeddable":true,"href":"https:\/\/www.zonaires.com\/index.php?rest_route=%2Fwp%2Fv2%2Fcomments&post=5465"}],"version-history":[{"count":1,"href":"https:\/\/www.zonaires.com\/index.php?rest_route=\/wp\/v2\/pages\/5465\/revisions"}],"predecessor-version":[{"id":5466,"href":"https:\/\/www.zonaires.com\/index.php?rest_route=\/wp\/v2\/pages\/5465\/revisions\/5466"}],"up":[{"embeddable":true,"href":"https:\/\/www.zonaires.com\/index.php?rest_route=\/wp\/v2\/pages\/2248"}],"wp:attachment":[{"href":"https:\/\/www.zonaires.com\/index.php?rest_route=%2Fwp%2Fv2%2Fmedia&parent=5465"}],"curies":[{"name":"wp","href":"https:\/\/api.w.org\/{rel}","templated":true}]}}