{"id":541,"date":"2014-04-19T17:12:37","date_gmt":"2014-04-19T16:12:37","guid":{"rendered":"http:\/\/www.zonaires.com\/?page_id=541"},"modified":"2023-01-12T16:31:22","modified_gmt":"2023-01-12T15:31:22","slug":"libraires","status":"publish","type":"page","link":"https:\/\/www.zonaires.com\/?page_id=541","title":{"rendered":"Libraires"},"content":{"rendered":"<p><strong>\u00c0 l\u2019attention des libraires. (<span style=\"color: #ff0000;\">voir \u00e9galement note en bas de page<\/span>)<\/strong><\/p>\n<p>Bienvenue sur le site de Zonaires \u00e9ditions et merci pour l\u2019int\u00e9r\u00eat que vous portez \u00e0 nos ouvrages.<br \/>\nNous sommes d\u00e9sol\u00e9s que vous ne puissiez commander nos ouvrages par le canal habituel de distribution. Les frais li\u00e9s \u00e0 ce syst\u00e8me de diffusion sont trop importants pour une petite maison d\u2019\u00e9dition comme la n\u00f4tre. Croyez bien que nous le regrettons !<br \/>\nCependant, <strong>Zonaires \u00e9ditions est r\u00e9f\u00e9renc\u00e9 sur Dilicom.<\/strong><br \/>\nAfin de satisfaire votre client\u00e8le, nous pouvons vous proposer la formule de collaboration suivante (\u00e0 compter du 1er janvier 2018) :<br \/>\n\u2013 pour l\u2019achat d\u2019un ou deux ouvrages, une remise libraire de 25% et une participation de 75% aux frais d\u2019exp\u00e9dition. (sauf \u00e9tranger et Dom Tom \u2013 tarifs sp\u00e9cifiques)<br \/>\n\u2013 pour l\u2019achat de trois ou quatre ouvrages, une remise libraire de 25% et une participation de 50% aux frais d\u2019exp\u00e9dition. (sauf \u00e9tranger et Dom Tom \u2013 tarifs sp\u00e9cifiques)<br \/>\n\u2013 pour l\u2019achat de cinq \u00e0 10 ouvrages, une remise libraire de 25% et une participation de 33% aux frais d\u2019exp\u00e9dition (sauf \u00e9tranger et Dom Tom \u2013 tarifs sp\u00e9cifiques)<\/p>\n<p>Commande ferme de 1 \u00e0 9 exemplaires identiques ou non : merci de nous envoyer un bon de commande :<\/p>\n<ul>\n<li>Si vous avez d\u00e9j\u00e0 command\u00e9 des ouvrages chez Zonaires \u00e9ditions, nous vous adresserons en retour les livres command\u00e9s avec une facture \u00e0 r\u00e9gler \u00e0 r\u00e9ception,<\/li>\n<li>Si vous \u00eates un nouveau client, nous vous adresserons une facture proforma et votre commande sera exp\u00e9di\u00e9e d\u00e8s r\u00e9ception du r\u00e8glement de celle-ci.<\/li>\n<\/ul>\n<p>En cas de commande d\u2019un minimum de 10 exemplaires pour une s\u00e9ance de d\u00e9dicaces avec l\u2019un de nos auteurs, nous vous adresserons une facture correspondant aux exemplaires vendus une fois la s\u00e9ance pass\u00e9e avec possibilit\u00e9 de retour des invendus sous huitaine. Les frais d&#8217;envoi aux libraires sont \u00e0 notre charge. Les frais de retour des invendus sont \u00e0 la charge du libraire. Pass\u00e9 ce d\u00e9lai et apr\u00e8s un rappel concernant le retour des invendus, l&#8217;ensemble de la commande sera factur\u00e9.<\/p>\n<p>Merci pour votre collaboration.<\/p>\n<p>Pour les CGV voir l&#8217;onglet sp\u00e9cifique.<\/p>\n<p><a title=\"Bon de commande\" href=\"https:\/\/www.zonaires.com\/?page_id=82\">Bon de commande <\/a><\/p>\n<p><strong><span style=\"color: #ff0000;\">Note<\/span><\/strong> : attention, conditions sp\u00e9ciales pour le livre &#8220;Je n&#8217;oublie pas&#8230; de Fran\u00e7oise Gu\u00e9rin<\/p>\n<p>En raison du petit prix du livre, des frais et charges y aff\u00e9rant, ainsi que le versement de un euro par exemplaire \u00e0 une association humanitaire, nous ne pouvons accorder que 10% de commission libraire. Une participation aux frais de port \u00a0 est \u00e9galement demand\u00e9e : 1,00 \u20ac pour 1 \u00e0 2 exemplaires, 1,80 \u20ac pour 3 \u00e0 5 exemplaires, 2,5 \u20ac pour 6 \u00e0 10 exemplaires, 4,00 \u20ac au-del\u00e0 de 10 exemplaires.<\/p>\n<p>Merci pour votre soutien.<\/p>\n","protected":false},"excerpt":{"rendered":"<p>\u00c0 l\u2019attention des libraires. (voir \u00e9galement note en bas de page) Bienvenue sur le site de Zonaires \u00e9ditions et merci pour l\u2019int\u00e9r\u00eat que vous portez \u00e0 nos ouvrages. Nous sommes [&hellip;]<\/p>\n","protected":false},"author":1,"featured_media":0,"parent":0,"menu_order":0,"comment_status":"open","ping_status":"open","template":"","meta":[],"_links":{"self":[{"href":"https:\/\/www.zonaires.com\/index.php?rest_route=\/wp\/v2\/pages\/541"}],"collection":[{"href":"https:\/\/www.zonaires.com\/index.php?rest_route=\/wp\/v2\/pages"}],"about":[{"href":"https:\/\/www.zonaires.com\/index.php?rest_route=\/wp\/v2\/types\/page"}],"author":[{"embeddable":true,"href":"https:\/\/www.zonaires.com\/index.php?rest_route=\/wp\/v2\/users\/1"}],"replies":[{"embeddable":true,"href":"https:\/\/www.zonaires.com\/index.php?rest_route=%2Fwp%2Fv2%2Fcomments&post=541"}],"version-history":[{"count":29,"href":"https:\/\/www.zonaires.com\/index.php?rest_route=\/wp\/v2\/pages\/541\/revisions"}],"predecessor-version":[{"id":4297,"href":"https:\/\/www.zonaires.com\/index.php?rest_route=\/wp\/v2\/pages\/541\/revisions\/4297"}],"wp:attachment":[{"href":"https:\/\/www.zonaires.com\/index.php?rest_route=%2Fwp%2Fv2%2Fmedia&parent=541"}],"curies":[{"name":"wp","href":"https:\/\/api.w.org\/{rel}","templated":true}]}}