{"id":4993,"date":"2024-11-07T12:37:59","date_gmt":"2024-11-07T11:37:59","guid":{"rendered":"https:\/\/www.zonaires.com\/?page_id=4993"},"modified":"2025-11-14T15:52:55","modified_gmt":"2025-11-14T14:52:55","slug":"brice-gautier","status":"publish","type":"page","link":"https:\/\/www.zonaires.com\/?page_id=4993","title":{"rendered":"Brice Gautier"},"content":{"rendered":"<p><a href=\"https:\/\/www.zonaires.com\/wp-content\/uploads\/2024\/11\/bricegautier.jpg\"><img loading=\"lazy\" class=\"alignleft wp-image-4985\" src=\"https:\/\/www.zonaires.com\/wp-content\/uploads\/2024\/11\/bricegautier-148x197.jpg\" alt=\"\" width=\"108\" height=\"144\" srcset=\"https:\/\/www.zonaires.com\/wp-content\/uploads\/2024\/11\/bricegautier-148x197.jpg 148w, https:\/\/www.zonaires.com\/wp-content\/uploads\/2024\/11\/bricegautier-300x400.jpg 300w, https:\/\/www.zonaires.com\/wp-content\/uploads\/2024\/11\/bricegautier.jpg 450w\" sizes=\"(max-width: 108px) 100vw, 108px\" \/><\/a><strong>Brice Gautier<\/strong> est professeur des universit\u00e9s \u00e0 l\u2019Institut National des Sciences Appliqu\u00e9es de Lyon et vit \u00e0 Villeurbanne. Il se consacre uniquement \u00e0 la forme courte et apr\u00e8s quelques dizaines de nouvelles sem\u00e9es ici ou l\u00e0 (Rue Saint Ambroise, Br\u00e8ves, Harfang, Pourtant, Squeeze, Marginales, L\u2019Encrier Renvers\u00e9\u2026), il a publi\u00e9 ses deux premiers recueils de nouvelles aux \u00e9ditions Quadrature (\u00ab\u00a0M\u00eame pas mal\u00a0\u00bb, 2021 et \u00ab\u00a0La maison commune\u00a0\u00bb, 2023).<\/p>\n<p><a href=\"https:\/\/www.zonaires.com\/?p=4982\">Accident de personne<\/a> (parution novembre 2024)<\/p>\n<p><strong>Interview de Brice Gautier par Fran\u00e7oise Gu\u00e9rin<\/strong> (novembre 2025)<\/p>\n<blockquote class=\"instagram-media\" style=\"background: #FFF; border: 0; border-radius: 3px; box-shadow: 0 0 1px 0 rgba(0,0,0,0.5),0 1px 10px 0 rgba(0,0,0,0.15); margin: 1px; max-width: 540px; min-width: 326px; padding: 0; width: calc(100% - 2px);\" data-instgrm-captioned=\"\" data-instgrm-permalink=\"https:\/\/www.instagram.com\/p\/DQ96hXNDLUw\/?utm_source=ig_embed&amp;utm_campaign=loading\" data-instgrm-version=\"14\">\n<div style=\"padding: 16px;\">\n<p>&nbsp;<\/p>\n<div style=\"display: flex; flex-direction: row; align-items: center;\">\n<div style=\"background-color: #f4f4f4; border-radius: 50%; flex-grow: 0; height: 40px; margin-right: 14px; width: 40px;\"><\/div>\n<div style=\"display: flex; flex-direction: column; flex-grow: 1; justify-content: center;\">\n<div style=\"background-color: #f4f4f4; border-radius: 4px; flex-grow: 0; height: 14px; margin-bottom: 6px; width: 100px;\"><\/div>\n<div style=\"background-color: #f4f4f4; border-radius: 4px; flex-grow: 0; height: 14px; width: 60px;\"><\/div>\n<\/div>\n<\/div>\n<div style=\"padding: 19% 0;\"><\/div>\n<div style=\"display: block; height: 50px; margin: 0 auto 12px; width: 50px;\"><\/div>\n<div style=\"padding-top: 8px;\">\n<div style=\"color: #3897f0; font-family: Arial,sans-serif; font-size: 14px; font-style: normal; font-weight: 550; line-height: 18px;\">Voir cette publication sur Instagram<\/div>\n<\/div>\n<div style=\"padding: 12.5% 0;\"><\/div>\n<div style=\"display: flex; flex-direction: row; margin-bottom: 14px; align-items: center;\">\n<div>\n<div style=\"background-color: #f4f4f4; border-radius: 50%; height: 12.5px; width: 12.5px; transform: translateX(0px) translateY(7px);\"><\/div>\n<div style=\"background-color: #f4f4f4; height: 12.5px; transform: rotate(-45deg) translateX(3px) translateY(1px); width: 12.5px; flex-grow: 0; margin-right: 14px; margin-left: 2px;\"><\/div>\n<div style=\"background-color: #f4f4f4; border-radius: 50%; height: 12.5px; width: 12.5px; transform: translateX(9px) translateY(-18px);\"><\/div>\n<\/div>\n<div style=\"margin-left: 8px;\">\n<div style=\"background-color: #f4f4f4; border-radius: 50%; flex-grow: 0; height: 20px; width: 20px;\"><\/div>\n<div style=\"width: 0; height: 0; border-top: 2px solid transparent; border-left: 6px solid #f4f4f4; border-bottom: 2px solid transparent; transform: translateX(16px) translateY(-4px) rotate(30deg);\"><\/div>\n<\/div>\n<div style=\"margin-left: auto;\">\n<div style=\"width: 0px; border-top: 8px solid #F4F4F4; border-right: 8px solid transparent; transform: translateY(16px);\"><\/div>\n<div style=\"background-color: #f4f4f4; flex-grow: 0; height: 12px; width: 16px; transform: translateY(-4px);\"><\/div>\n<div style=\"width: 0; height: 0; border-top: 8px solid #F4F4F4; border-left: 8px solid transparent; transform: translateY(-4px) translateX(8px);\"><\/div>\n<\/div>\n<\/div>\n<div style=\"display: flex; flex-direction: column; flex-grow: 1; justify-content: center; margin-bottom: 24px;\">\n<div style=\"background-color: #f4f4f4; border-radius: 4px; flex-grow: 0; height: 14px; margin-bottom: 6px; width: 224px;\"><\/div>\n<div style=\"background-color: #f4f4f4; border-radius: 4px; flex-grow: 0; height: 14px; width: 144px;\"><\/div>\n<\/div>\n<p>&nbsp;<\/p>\n<p style=\"color: #c9c8cd; font-family: Arial,sans-serif; font-size: 14px; line-height: 17px; margin-bottom: 0; margin-top: 8px; overflow: hidden; padding: 8px 0 7px; text-align: center; text-overflow: ellipsis; white-space: nowrap;\"><a style=\"color: #c9c8cd; font-family: Arial,sans-serif; font-size: 14px; font-style: normal; font-weight: normal; line-height: 17px; text-decoration: none;\" href=\"https:\/\/www.instagram.com\/p\/DQ96hXNDLUw\/?utm_source=ig_embed&amp;utm_campaign=loading\" target=\"_blank\" rel=\"noopener\">Une publication partag\u00e9e par Fran\u00e7oise Gu\u00e9rin (@fguer1.auteure)<\/a><\/p>\n<\/div>\n<\/blockquote>\n<p><script async src=\"\/\/www.instagram.com\/embed.js\"><\/script><\/p>\n","protected":false},"excerpt":{"rendered":"<p>Brice Gautier est professeur des universit\u00e9s \u00e0 l\u2019Institut National des Sciences Appliqu\u00e9es de Lyon et vit \u00e0 Villeurbanne. Il se consacre uniquement \u00e0 la forme courte et apr\u00e8s quelques dizaines [&hellip;]<\/p>\n","protected":false},"author":1,"featured_media":0,"parent":2248,"menu_order":0,"comment_status":"closed","ping_status":"closed","template":"","meta":[],"_links":{"self":[{"href":"https:\/\/www.zonaires.com\/index.php?rest_route=\/wp\/v2\/pages\/4993"}],"collection":[{"href":"https:\/\/www.zonaires.com\/index.php?rest_route=\/wp\/v2\/pages"}],"about":[{"href":"https:\/\/www.zonaires.com\/index.php?rest_route=\/wp\/v2\/types\/page"}],"author":[{"embeddable":true,"href":"https:\/\/www.zonaires.com\/index.php?rest_route=\/wp\/v2\/users\/1"}],"replies":[{"embeddable":true,"href":"https:\/\/www.zonaires.com\/index.php?rest_route=%2Fwp%2Fv2%2Fcomments&post=4993"}],"version-history":[{"count":3,"href":"https:\/\/www.zonaires.com\/index.php?rest_route=\/wp\/v2\/pages\/4993\/revisions"}],"predecessor-version":[{"id":5375,"href":"https:\/\/www.zonaires.com\/index.php?rest_route=\/wp\/v2\/pages\/4993\/revisions\/5375"}],"up":[{"embeddable":true,"href":"https:\/\/www.zonaires.com\/index.php?rest_route=\/wp\/v2\/pages\/2248"}],"wp:attachment":[{"href":"https:\/\/www.zonaires.com\/index.php?rest_route=%2Fwp%2Fv2%2Fmedia&parent=4993"}],"curies":[{"name":"wp","href":"https:\/\/api.w.org\/{rel}","templated":true}]}}