{"id":4966,"date":"2024-10-24T08:25:55","date_gmt":"2024-10-24T07:25:55","guid":{"rendered":"https:\/\/www.zonaires.com\/?page_id=4966"},"modified":"2024-10-24T08:27:12","modified_gmt":"2024-10-24T07:27:12","slug":"fanch-rebours","status":"publish","type":"page","link":"https:\/\/www.zonaires.com\/?page_id=4966","title":{"rendered":"Fa\u00f1ch Rebours"},"content":{"rendered":"<p class=\"Standard\" style=\"text-align: justify;\"><span style=\"font-size: 14.0pt; font-family: 'Garamond',serif;\"><a href=\"https:\/\/www.zonaires.com\/wp-content\/uploads\/2024\/10\/Photo-quatrieme-Fanch-Rebours-2.jpg\"><img loading=\"lazy\" class=\"alignleft wp-image-4950\" src=\"https:\/\/www.zonaires.com\/wp-content\/uploads\/2024\/10\/Photo-quatrieme-Fanch-Rebours-2-148x189.jpg\" alt=\"\" width=\"114\" height=\"146\" srcset=\"https:\/\/www.zonaires.com\/wp-content\/uploads\/2024\/10\/Photo-quatrieme-Fanch-Rebours-2-148x189.jpg 148w, https:\/\/www.zonaires.com\/wp-content\/uploads\/2024\/10\/Photo-quatrieme-Fanch-Rebours-2-300x382.jpg 300w, https:\/\/www.zonaires.com\/wp-content\/uploads\/2024\/10\/Photo-quatrieme-Fanch-Rebours-2-804x1024.jpg 804w, https:\/\/www.zonaires.com\/wp-content\/uploads\/2024\/10\/Photo-quatrieme-Fanch-Rebours-2-768x979.jpg 768w, https:\/\/www.zonaires.com\/wp-content\/uploads\/2024\/10\/Photo-quatrieme-Fanch-Rebours-2-1205x1536.jpg 1205w, https:\/\/www.zonaires.com\/wp-content\/uploads\/2024\/10\/Photo-quatrieme-Fanch-Rebours-2-1607x2048.jpg 1607w, https:\/\/www.zonaires.com\/wp-content\/uploads\/2024\/10\/Photo-quatrieme-Fanch-Rebours-2.jpg 1820w\" sizes=\"(max-width: 114px) 100vw, 114px\" \/><\/a>N\u00e9 \u00e0 Paimpol en 1972, Fa\u00f1ch Rebours est l\u2019auteur de romans, nouvelles, albums jeunesse, en fran\u00e7ais ou en breton. Il collabore \u00e0 diff\u00e9rents collectifs dont la revue <i>l\u2019\u00c2me au diable<\/i>. <i>Faust-noz<\/i> est son troisi\u00e8me recueil de nouvelles noires et engag\u00e9es, le premier chez Zonaires \u00e9ditions.<\/span><\/p>\n<p><a href=\"https:\/\/www.zonaires.com\/?p=4948\">Faust-noz<\/a> Nouvelles cruelles de Bretagne<\/p>\n","protected":false},"excerpt":{"rendered":"<p>N\u00e9 \u00e0 Paimpol en 1972, Fa\u00f1ch Rebours est l\u2019auteur de romans, nouvelles, albums jeunesse, en fran\u00e7ais ou en breton. Il collabore \u00e0 diff\u00e9rents collectifs dont la revue l\u2019\u00c2me au diable. [&hellip;]<\/p>\n","protected":false},"author":1,"featured_media":0,"parent":2248,"menu_order":0,"comment_status":"closed","ping_status":"closed","template":"","meta":[],"_links":{"self":[{"href":"https:\/\/www.zonaires.com\/index.php?rest_route=\/wp\/v2\/pages\/4966"}],"collection":[{"href":"https:\/\/www.zonaires.com\/index.php?rest_route=\/wp\/v2\/pages"}],"about":[{"href":"https:\/\/www.zonaires.com\/index.php?rest_route=\/wp\/v2\/types\/page"}],"author":[{"embeddable":true,"href":"https:\/\/www.zonaires.com\/index.php?rest_route=\/wp\/v2\/users\/1"}],"replies":[{"embeddable":true,"href":"https:\/\/www.zonaires.com\/index.php?rest_route=%2Fwp%2Fv2%2Fcomments&post=4966"}],"version-history":[{"count":1,"href":"https:\/\/www.zonaires.com\/index.php?rest_route=\/wp\/v2\/pages\/4966\/revisions"}],"predecessor-version":[{"id":4967,"href":"https:\/\/www.zonaires.com\/index.php?rest_route=\/wp\/v2\/pages\/4966\/revisions\/4967"}],"up":[{"embeddable":true,"href":"https:\/\/www.zonaires.com\/index.php?rest_route=\/wp\/v2\/pages\/2248"}],"wp:attachment":[{"href":"https:\/\/www.zonaires.com\/index.php?rest_route=%2Fwp%2Fv2%2Fmedia&parent=4966"}],"curies":[{"name":"wp","href":"https:\/\/api.w.org\/{rel}","templated":true}]}}