{"id":4841,"date":"2024-05-21T13:49:11","date_gmt":"2024-05-21T12:49:11","guid":{"rendered":"https:\/\/www.zonaires.com\/?page_id=4841"},"modified":"2024-05-21T13:49:11","modified_gmt":"2024-05-21T12:49:11","slug":"natacha-dugnat-collomb","status":"publish","type":"page","link":"https:\/\/www.zonaires.com\/?page_id=4841","title":{"rendered":"Natacha Dugnat-Collomb"},"content":{"rendered":"<p><a href=\"https:\/\/www.zonaires.com\/wp-content\/uploads\/2024\/05\/Natacha2.jpg\"><img loading=\"lazy\" class=\"alignleft  wp-image-4833\" src=\"https:\/\/www.zonaires.com\/wp-content\/uploads\/2024\/05\/Natacha2-148x197.jpg\" alt=\"\" width=\"70\" height=\"93\" srcset=\"https:\/\/www.zonaires.com\/wp-content\/uploads\/2024\/05\/Natacha2-148x197.jpg 148w, https:\/\/www.zonaires.com\/wp-content\/uploads\/2024\/05\/Natacha2-300x400.jpg 300w, https:\/\/www.zonaires.com\/wp-content\/uploads\/2024\/05\/Natacha2-768x1024.jpg 768w, https:\/\/www.zonaires.com\/wp-content\/uploads\/2024\/05\/Natacha2-1152x1536.jpg 1152w, https:\/\/www.zonaires.com\/wp-content\/uploads\/2024\/05\/Natacha2-1536x2048.jpg 1536w, https:\/\/www.zonaires.com\/wp-content\/uploads\/2024\/05\/Natacha2.jpg 1920w\" sizes=\"(max-width: 70px) 100vw, 70px\" \/><\/a>Chercheure en anthropologie au CNRS, Natacha Dugnat-Collomb d\u00e9fend la possibilit\u00e9 d\u2019une anthropologie subjective.<br \/>\nAvec ce r\u00e9cit, elle entre en litt\u00e9rature.<\/p>\n<p><a href=\"https:\/\/www.zonaires.com\/?p=4829\">Son nom s&#8217;est tu<\/a> (R\u00e9cit) Pr\u00e9face de Fran\u00e7oise Gu\u00e9rin<\/p>\n","protected":false},"excerpt":{"rendered":"<p>Chercheure en anthropologie au CNRS, Natacha Dugnat-Collomb d\u00e9fend la possibilit\u00e9 d\u2019une anthropologie subjective. Avec ce r\u00e9cit, elle entre en litt\u00e9rature. Son nom s&#8217;est tu (R\u00e9cit) Pr\u00e9face de Fran\u00e7oise Gu\u00e9rin<\/p>\n","protected":false},"author":1,"featured_media":0,"parent":2248,"menu_order":0,"comment_status":"closed","ping_status":"closed","template":"","meta":[],"_links":{"self":[{"href":"https:\/\/www.zonaires.com\/index.php?rest_route=\/wp\/v2\/pages\/4841"}],"collection":[{"href":"https:\/\/www.zonaires.com\/index.php?rest_route=\/wp\/v2\/pages"}],"about":[{"href":"https:\/\/www.zonaires.com\/index.php?rest_route=\/wp\/v2\/types\/page"}],"author":[{"embeddable":true,"href":"https:\/\/www.zonaires.com\/index.php?rest_route=\/wp\/v2\/users\/1"}],"replies":[{"embeddable":true,"href":"https:\/\/www.zonaires.com\/index.php?rest_route=%2Fwp%2Fv2%2Fcomments&post=4841"}],"version-history":[{"count":1,"href":"https:\/\/www.zonaires.com\/index.php?rest_route=\/wp\/v2\/pages\/4841\/revisions"}],"predecessor-version":[{"id":4842,"href":"https:\/\/www.zonaires.com\/index.php?rest_route=\/wp\/v2\/pages\/4841\/revisions\/4842"}],"up":[{"embeddable":true,"href":"https:\/\/www.zonaires.com\/index.php?rest_route=\/wp\/v2\/pages\/2248"}],"wp:attachment":[{"href":"https:\/\/www.zonaires.com\/index.php?rest_route=%2Fwp%2Fv2%2Fmedia&parent=4841"}],"curies":[{"name":"wp","href":"https:\/\/api.w.org\/{rel}","templated":true}]}}