{"id":4361,"date":"2023-05-21T17:32:11","date_gmt":"2023-05-21T16:32:11","guid":{"rendered":"https:\/\/www.zonaires.com\/?page_id=4361"},"modified":"2023-05-21T17:36:44","modified_gmt":"2023-05-21T16:36:44","slug":"gilles-bertin-montcharmont","status":"publish","type":"page","link":"https:\/\/www.zonaires.com\/?page_id=4361","title":{"rendered":"Gilles Bertin Montcharmont"},"content":{"rendered":"<p><a href=\"https:\/\/www.zonaires.com\/wp-content\/uploads\/2023\/04\/Gilles-Bertin-scaled.jpg\"><img loading=\"lazy\" class=\"alignleft size-thumbnail wp-image-4332\" src=\"https:\/\/www.zonaires.com\/wp-content\/uploads\/2023\/04\/Gilles-Bertin-148x205.jpg\" alt=\"\" width=\"148\" height=\"205\" srcset=\"https:\/\/www.zonaires.com\/wp-content\/uploads\/2023\/04\/Gilles-Bertin-148x205.jpg 148w, https:\/\/www.zonaires.com\/wp-content\/uploads\/2023\/04\/Gilles-Bertin-300x415.jpg 300w, https:\/\/www.zonaires.com\/wp-content\/uploads\/2023\/04\/Gilles-Bertin-740x1024.jpg 740w, https:\/\/www.zonaires.com\/wp-content\/uploads\/2023\/04\/Gilles-Bertin-768x1062.jpg 768w, https:\/\/www.zonaires.com\/wp-content\/uploads\/2023\/04\/Gilles-Bertin-1111x1536.jpg 1111w, https:\/\/www.zonaires.com\/wp-content\/uploads\/2023\/04\/Gilles-Bertin-1481x2048.jpg 1481w, https:\/\/www.zonaires.com\/wp-content\/uploads\/2023\/04\/Gilles-Bertin-scaled.jpg 1851w\" sizes=\"(max-width: 148px) 100vw, 148px\" \/><\/a>\u00a0N\u00e9 dans une ferme du Morvan, Gilles Bertin construit son premier ordinateur dans une caisse en bois du c\u00f4t\u00e9 des ann\u00e9es 80 et fonde une soci\u00e9t\u00e9 de jeux vid\u00e9o. Il \u00e9crit dans une langue promeneuse et dense des nouvelles publi\u00e9es en revues et anthologies (T\u00e9l\u00e9rama, L\u2019Atelier du Gu\u00e9, Les Deux Cr\u00e2nes). <em>Elle m\u2019a pris <\/em>est mise en ondes par RadioFrance, <em>Ratabougo<\/em> est finaliste du prix du livre de Belfort\u00a02021. Il anime <em>Pourtant<\/em>, revue de cr\u00e9ation litt\u00e9raire et photographique. <em>Vous allez les d\u00e9ranger<\/em> est son premier recueil de nouvelles.<\/p>\n<p><a href=\"https:\/\/www.zonaires.com\/?p=4330\">Vous allez les d\u00e9ranger\u00a0<\/a><\/p>\n<p>&nbsp;<\/p>\n","protected":false},"excerpt":{"rendered":"<p>\u00a0N\u00e9 dans une ferme du Morvan, Gilles Bertin construit son premier ordinateur dans une caisse en bois du c\u00f4t\u00e9 des ann\u00e9es 80 et fonde une soci\u00e9t\u00e9 de jeux vid\u00e9o. Il [&hellip;]<\/p>\n","protected":false},"author":1,"featured_media":0,"parent":0,"menu_order":0,"comment_status":"closed","ping_status":"closed","template":"","meta":[],"_links":{"self":[{"href":"https:\/\/www.zonaires.com\/index.php?rest_route=\/wp\/v2\/pages\/4361"}],"collection":[{"href":"https:\/\/www.zonaires.com\/index.php?rest_route=\/wp\/v2\/pages"}],"about":[{"href":"https:\/\/www.zonaires.com\/index.php?rest_route=\/wp\/v2\/types\/page"}],"author":[{"embeddable":true,"href":"https:\/\/www.zonaires.com\/index.php?rest_route=\/wp\/v2\/users\/1"}],"replies":[{"embeddable":true,"href":"https:\/\/www.zonaires.com\/index.php?rest_route=%2Fwp%2Fv2%2Fcomments&post=4361"}],"version-history":[{"count":1,"href":"https:\/\/www.zonaires.com\/index.php?rest_route=\/wp\/v2\/pages\/4361\/revisions"}],"predecessor-version":[{"id":4362,"href":"https:\/\/www.zonaires.com\/index.php?rest_route=\/wp\/v2\/pages\/4361\/revisions\/4362"}],"wp:attachment":[{"href":"https:\/\/www.zonaires.com\/index.php?rest_route=%2Fwp%2Fv2%2Fmedia&parent=4361"}],"curies":[{"name":"wp","href":"https:\/\/api.w.org\/{rel}","templated":true}]}}