{"id":4188,"date":"2022-10-30T15:06:47","date_gmt":"2022-10-30T14:06:47","guid":{"rendered":"https:\/\/www.zonaires.com\/?page_id=4188"},"modified":"2023-04-21T14:55:02","modified_gmt":"2023-04-21T13:55:02","slug":"10-ans","status":"publish","type":"page","link":"https:\/\/www.zonaires.com\/?page_id=4188","title":{"rendered":"10 ans"},"content":{"rendered":"<p style=\"text-align: center;\">Les 10 ans de Zonaires \u00e9ditions : les nouvelles s\u00e9lectionn\u00e9es et leurs auteurs<\/p>\n<p style=\"text-align: center;\">(par ordre alphab\u00e9tique)<\/p>\n<p style=\"text-align: center;\"><a href=\"https:\/\/www.zonaires.com\/wp-content\/uploads\/2023\/04\/10-ans-de-Zonaires-B.jpg\"><img loading=\"lazy\" class=\"alignleft size-large wp-image-4348\" src=\"https:\/\/www.zonaires.com\/wp-content\/uploads\/2023\/04\/10-ans-de-Zonaires-B-1024x1024.jpg\" alt=\"\" width=\"810\" height=\"810\" srcset=\"https:\/\/www.zonaires.com\/wp-content\/uploads\/2023\/04\/10-ans-de-Zonaires-B-1024x1024.jpg 1024w, https:\/\/www.zonaires.com\/wp-content\/uploads\/2023\/04\/10-ans-de-Zonaires-B-300x300.jpg 300w, https:\/\/www.zonaires.com\/wp-content\/uploads\/2023\/04\/10-ans-de-Zonaires-B-148x148.jpg 148w, https:\/\/www.zonaires.com\/wp-content\/uploads\/2023\/04\/10-ans-de-Zonaires-B-768x768.jpg 768w, https:\/\/www.zonaires.com\/wp-content\/uploads\/2023\/04\/10-ans-de-Zonaires-B-1536x1536.jpg 1536w, https:\/\/www.zonaires.com\/wp-content\/uploads\/2023\/04\/10-ans-de-Zonaires-B-2048x2048.jpg 2048w\" sizes=\"(max-width: 810px) 100vw, 810px\" \/><\/a><\/p>\n<h2><\/h2>\n<h2 style=\"text-align: center;\">* * *<\/h2>\n<p><a href=\"https:\/\/www.zonaires.com\/wp-content\/uploads\/2022\/10\/10-ans-zonaires.jpg\"><img loading=\"lazy\" class=\"aligncenter size-full wp-image-4191\" src=\"https:\/\/www.zonaires.com\/wp-content\/uploads\/2022\/10\/10-ans-zonaires.jpg\" alt=\"\" width=\"960\" height=\"858\" srcset=\"https:\/\/www.zonaires.com\/wp-content\/uploads\/2022\/10\/10-ans-zonaires.jpg 960w, https:\/\/www.zonaires.com\/wp-content\/uploads\/2022\/10\/10-ans-zonaires-300x268.jpg 300w, https:\/\/www.zonaires.com\/wp-content\/uploads\/2022\/10\/10-ans-zonaires-148x132.jpg 148w, https:\/\/www.zonaires.com\/wp-content\/uploads\/2022\/10\/10-ans-zonaires-768x686.jpg 768w\" sizes=\"(max-width: 960px) 100vw, 960px\" \/><\/a><\/p>\n<p>&nbsp;<\/p>\n<p style=\"text-align: center;\"><span style=\"color: #339966;\"><strong>Vous \u00e9crivez et vous n\u2019avez jamais \u00e9t\u00e9 publi\u00e9 ?<\/strong><\/span><br \/>\n<span style=\"color: #339966;\"><strong>Et si vous tentiez de faire un premier pas chez Zonaires \u00e9ditions ?<\/strong><\/span><\/p>\n<p>En novembre les \u00e9ditions Zonaires auront 10 ans.<br \/>\nPour f\u00eater cette d\u00e9cennie nous proposons d\u2019ouvrir la porte de la maison \u00e0 10 auteurs n\u2019ayant jamais \u00e9t\u00e9 publi\u00e9s et de concevoir avec eux un recueil de nouvelles.<br \/>\n10 ans \u2013 10 auteurs \u2013 10 nouvelles \u2013 10 pages<br \/>\nGenre et th\u00e8me libre.<br \/>\nLe principe est celui du concours mais sans classement. Il est ouvert tout le mois de novembre 2022 et sera limit\u00e9 aux 100 premiers textes re\u00e7us. Les nouvelles devront \u00eatre libres de droits. Elles seront appr\u00e9ci\u00e9es par 10 auteurs de la maison *. Chacun d\u2019entre eux recevra au maximum 10 nouvelles et devra n\u2019en retenir qu\u2019une seule. Le recueil contiendra donc 10 nouvelles de 10 pages chacune avec une tol\u00e9rance de plus ou moins 10 % (soit 18000 \u00e0 20000 caract\u00e8res espaces compris).<br \/>\nLa publication est envisag\u00e9e au printemps 2023<\/p>\n<p>Les contraintes : <strong>Envoi par mail uniquement \u00e0 contact@zonaires.com<\/strong><br \/>\nFormat A5, interligne simple, marges 2cm tous c\u00f4t\u00e9s, police Garamond 12.<br \/>\nLa nouvelle doit comporter un titre mais pas le nom de l\u2019auteur (celui-ci figurera dans le mail d\u2019envoi)<br \/>\nDate limite de r\u00e9ception des textes 30 novembre 2022<\/p>\n<p>* Les 10 auteurs de la maison : Danielle AKAKPO \u2013 Val\u00e9rie BRUN \u2013 Benoit CAMUS \u2013 Serge CAZENAVE \u2013 Alain EMERY \u2013 D\u00e9sir\u00e9e GIROD &#8211; Fran\u00e7oise GU\u00c9RIN \u2013 Jo\u00ebl HAMM \u2013 Julie LEGRAND \u2013 Fr\u00e9d\u00e9rique TRIGODET<\/p>\n<p>Nous vous souhaitons bon vent et une agr\u00e9able participation.<\/p>\n","protected":false},"excerpt":{"rendered":"<p>Les 10 ans de Zonaires \u00e9ditions : les nouvelles s\u00e9lectionn\u00e9es et leurs auteurs (par ordre alphab\u00e9tique) * * * &nbsp; Vous \u00e9crivez et vous n\u2019avez jamais \u00e9t\u00e9 publi\u00e9 ? Et [&hellip;]<\/p>\n","protected":false},"author":1,"featured_media":0,"parent":0,"menu_order":0,"comment_status":"closed","ping_status":"closed","template":"","meta":[],"_links":{"self":[{"href":"https:\/\/www.zonaires.com\/index.php?rest_route=\/wp\/v2\/pages\/4188"}],"collection":[{"href":"https:\/\/www.zonaires.com\/index.php?rest_route=\/wp\/v2\/pages"}],"about":[{"href":"https:\/\/www.zonaires.com\/index.php?rest_route=\/wp\/v2\/types\/page"}],"author":[{"embeddable":true,"href":"https:\/\/www.zonaires.com\/index.php?rest_route=\/wp\/v2\/users\/1"}],"replies":[{"embeddable":true,"href":"https:\/\/www.zonaires.com\/index.php?rest_route=%2Fwp%2Fv2%2Fcomments&post=4188"}],"version-history":[{"count":6,"href":"https:\/\/www.zonaires.com\/index.php?rest_route=\/wp\/v2\/pages\/4188\/revisions"}],"predecessor-version":[{"id":4349,"href":"https:\/\/www.zonaires.com\/index.php?rest_route=\/wp\/v2\/pages\/4188\/revisions\/4349"}],"wp:attachment":[{"href":"https:\/\/www.zonaires.com\/index.php?rest_route=%2Fwp%2Fv2%2Fmedia&parent=4188"}],"curies":[{"name":"wp","href":"https:\/\/api.w.org\/{rel}","templated":true}]}}