{"id":3811,"date":"2021-09-13T18:26:18","date_gmt":"2021-09-13T17:26:18","guid":{"rendered":"https:\/\/www.zonaires.com\/?page_id=3811"},"modified":"2024-08-18T17:17:50","modified_gmt":"2024-08-18T16:17:50","slug":"serge-cazenave-sarkis","status":"publish","type":"page","link":"https:\/\/www.zonaires.com\/?page_id=3811","title":{"rendered":"Serge Cazenave-Sarkis"},"content":{"rendered":"<p><a href=\"https:\/\/www.zonaires.com\/wp-content\/uploads\/2021\/09\/Serge-Cazenave-Sarkis.jpg\"><img loading=\"lazy\" class=\"alignleft size-thumbnail wp-image-3755\" src=\"https:\/\/www.zonaires.com\/wp-content\/uploads\/2021\/09\/Serge-Cazenave-Sarkis-148x140.jpg\" alt=\"\" width=\"148\" height=\"140\" srcset=\"https:\/\/www.zonaires.com\/wp-content\/uploads\/2021\/09\/Serge-Cazenave-Sarkis-148x140.jpg 148w, https:\/\/www.zonaires.com\/wp-content\/uploads\/2021\/09\/Serge-Cazenave-Sarkis-300x284.jpg 300w, https:\/\/www.zonaires.com\/wp-content\/uploads\/2021\/09\/Serge-Cazenave-Sarkis.jpg 512w\" sizes=\"(max-width: 148px) 100vw, 148px\" \/><\/a>Enfance nomade. \u00c0 16 ans rejoint Paris pour s\u2019unir aux manifestations de mai 68. Il occupe l\u2019universit\u00e9 Paris-Sorbonne, rencontre le chanteur Evariste (participe \u00e0 l\u2019enregistrement du premier disque en autogestion) et cr\u00e9e, avec le chanteur Renaud, le \u00ab comit\u00e9 Gavroche \u00bb. Artisan d\u2019Art Mill\u00e9sim\u00e9 \u00ab Atelier d\u2019Art de France \u00bb. Cr\u00e9ateur de nombreux sujets pour le concours des \u00ab Meilleurs Apprentis de France \u00bb. 2013, cesse ses activit\u00e9s artisanales pour se consacrer exclusivement \u00e0 l\u2019\u00e9criture. \u00c9crit entre Berry et l\u2019\u00cele de Noirmoutier. Tr\u00e8s solitaire, se d\u00e9finit comme un libertaire qui aime l\u2019id\u00e9e de soci\u00e9t\u00e9.<\/p>\n<p>Chez Zonaires \u00e9ditions :\u00a0<a href=\"https:\/\/www.zonaires.com\/?p=4891\">Grand \u00e2ge &#8211; pas sage<\/a><\/p>\n<p><a href=\"https:\/\/www.zonaires.com\/?p=3750\">Embrassades et simagr\u00e9es<\/a><\/p>\n","protected":false},"excerpt":{"rendered":"<p>Enfance nomade. \u00c0 16 ans rejoint Paris pour s\u2019unir aux manifestations de mai 68. Il occupe l\u2019universit\u00e9 Paris-Sorbonne, rencontre le chanteur Evariste (participe \u00e0 l\u2019enregistrement du premier disque en autogestion) [&hellip;]<\/p>\n","protected":false},"author":1,"featured_media":0,"parent":0,"menu_order":0,"comment_status":"closed","ping_status":"closed","template":"","meta":[],"_links":{"self":[{"href":"https:\/\/www.zonaires.com\/index.php?rest_route=\/wp\/v2\/pages\/3811"}],"collection":[{"href":"https:\/\/www.zonaires.com\/index.php?rest_route=\/wp\/v2\/pages"}],"about":[{"href":"https:\/\/www.zonaires.com\/index.php?rest_route=\/wp\/v2\/types\/page"}],"author":[{"embeddable":true,"href":"https:\/\/www.zonaires.com\/index.php?rest_route=\/wp\/v2\/users\/1"}],"replies":[{"embeddable":true,"href":"https:\/\/www.zonaires.com\/index.php?rest_route=%2Fwp%2Fv2%2Fcomments&post=3811"}],"version-history":[{"count":4,"href":"https:\/\/www.zonaires.com\/index.php?rest_route=\/wp\/v2\/pages\/3811\/revisions"}],"predecessor-version":[{"id":4911,"href":"https:\/\/www.zonaires.com\/index.php?rest_route=\/wp\/v2\/pages\/3811\/revisions\/4911"}],"wp:attachment":[{"href":"https:\/\/www.zonaires.com\/index.php?rest_route=%2Fwp%2Fv2%2Fmedia&parent=3811"}],"curies":[{"name":"wp","href":"https:\/\/api.w.org\/{rel}","templated":true}]}}