{"id":3729,"date":"2021-07-25T16:49:03","date_gmt":"2021-07-25T15:49:03","guid":{"rendered":"https:\/\/www.zonaires.com\/?page_id=3729"},"modified":"2021-07-25T16:49:03","modified_gmt":"2021-07-25T15:49:03","slug":"philippe-lemaire","status":"publish","type":"page","link":"https:\/\/www.zonaires.com\/?page_id=3729","title":{"rendered":"Philippe Lemaire"},"content":{"rendered":"<p><strong><a href=\"https:\/\/www.zonaires.com\/wp-content\/uploads\/2021\/07\/Philippe_Lemaire-3.jpg\"><img loading=\"lazy\" class=\"alignleft size-thumbnail wp-image-3730\" src=\"https:\/\/www.zonaires.com\/wp-content\/uploads\/2021\/07\/Philippe_Lemaire-3-148x165.jpg\" alt=\"\" width=\"148\" height=\"165\" srcset=\"https:\/\/www.zonaires.com\/wp-content\/uploads\/2021\/07\/Philippe_Lemaire-3-148x165.jpg 148w, https:\/\/www.zonaires.com\/wp-content\/uploads\/2021\/07\/Philippe_Lemaire-3-300x335.jpg 300w, https:\/\/www.zonaires.com\/wp-content\/uploads\/2021\/07\/Philippe_Lemaire-3.jpg 474w\" sizes=\"(max-width: 148px) 100vw, 148px\" \/><\/a>\u00a0<\/strong>Na\u00eet \u00e0 Cherbourg, passe la fin de son adolescence \u00e0 Manosque, puis revient dans le nord-Cotentin \u00e0 18 ans.<\/p>\n<p>Manifestant un don pr\u00e9coce pour le dessin, il profite de son service militaire effectu\u00e9 \u00e0 Cherbourg dans la Marine nationale pour redessiner les illustrations des manuels destin\u00e9s aux apprentis marins. Mais dans un premier temps, Philippe Lemaire ne suivra pas cette voie professionnelle quelque peu risqu\u00e9e. La profession de son grand-p\u00e8re, gardien de cimeti\u00e8re \u00e0 Cherbourg, l&#8217;incite plut\u00f4t \u00e0 remplir les fonctions d&#8217;ordonnateur de pompes fun\u00e8bres aux Pompes Fun\u00e8bres G\u00e9n\u00e9rales, pour lesquelles il travaille pendant dix ans \u00e0 partir de 1983. Il devient ensuite propri\u00e9taire dans cette m\u00eame ville du bar-restaurant le Dakota et cr\u00e9e le club de billard Cherbourg Dakota Pool, qu&#8217;il dirige pendant dix autres ann\u00e9es.<\/p>\n<p>\u00c9tabli dans l&#8217;Orne \u00e0 Saint-Ouen-sur-Iton depuis 2007, il se lance dans la cr\u00e9ation de bandes dessin\u00e9es, et devient \u00e9galement illustrateur \u00e0 partir de 2009.<\/p>\n<p>Int\u00e9ress\u00e9 par le personnage de Dracula, qu&#8217;il identifie au prince roumain Radu Dracula mort en 1476, il lui consacre \u00e0 partir de 2011 une s\u00e9rie de six romans formant le cycle du m\u00eame nom. M\u00ealant ensuite le mythe du vampire au genre du western, il entame en 2017 un second cycle post-apocalyptique intitul\u00e9 Moras, la mal\u00e9diction. Il a depuis, sign\u00e9 cinq autres romans.<\/p>\n<p><a href=\"https:\/\/www.zonaires.com\/?p=3692\">Le Concile des quarante<\/a><\/p>\n","protected":false},"excerpt":{"rendered":"<p>\u00a0Na\u00eet \u00e0 Cherbourg, passe la fin de son adolescence \u00e0 Manosque, puis revient dans le nord-Cotentin \u00e0 18 ans. Manifestant un don pr\u00e9coce pour le dessin, il profite de son [&hellip;]<\/p>\n","protected":false},"author":1,"featured_media":0,"parent":2248,"menu_order":0,"comment_status":"closed","ping_status":"closed","template":"","meta":[],"_links":{"self":[{"href":"https:\/\/www.zonaires.com\/index.php?rest_route=\/wp\/v2\/pages\/3729"}],"collection":[{"href":"https:\/\/www.zonaires.com\/index.php?rest_route=\/wp\/v2\/pages"}],"about":[{"href":"https:\/\/www.zonaires.com\/index.php?rest_route=\/wp\/v2\/types\/page"}],"author":[{"embeddable":true,"href":"https:\/\/www.zonaires.com\/index.php?rest_route=\/wp\/v2\/users\/1"}],"replies":[{"embeddable":true,"href":"https:\/\/www.zonaires.com\/index.php?rest_route=%2Fwp%2Fv2%2Fcomments&post=3729"}],"version-history":[{"count":2,"href":"https:\/\/www.zonaires.com\/index.php?rest_route=\/wp\/v2\/pages\/3729\/revisions"}],"predecessor-version":[{"id":3732,"href":"https:\/\/www.zonaires.com\/index.php?rest_route=\/wp\/v2\/pages\/3729\/revisions\/3732"}],"up":[{"embeddable":true,"href":"https:\/\/www.zonaires.com\/index.php?rest_route=\/wp\/v2\/pages\/2248"}],"wp:attachment":[{"href":"https:\/\/www.zonaires.com\/index.php?rest_route=%2Fwp%2Fv2%2Fmedia&parent=3729"}],"curies":[{"name":"wp","href":"https:\/\/api.w.org\/{rel}","templated":true}]}}