{"id":3543,"date":"2021-03-11T15:50:46","date_gmt":"2021-03-11T14:50:46","guid":{"rendered":"https:\/\/www.zonaires.com\/?page_id=3543"},"modified":"2026-01-12T12:39:40","modified_gmt":"2026-01-12T11:39:40","slug":"offres-speciales","status":"publish","type":"page","link":"https:\/\/www.zonaires.com\/?page_id=3543","title":{"rendered":"Offres sp\u00e9ciales"},"content":{"rendered":"<form action=\"https:\/\/www.paypal.com\/cgi-bin\/webscr\" method=\"post\" target=\"_blank\">\n<hr \/>\n<\/form>\n<form action=\"https:\/\/www.paypal.com\/cgi-bin\/webscr\" method=\"post\" target=\"_blank\"><\/form>\n<h3 style=\"text-align: center;\"><span style=\"color: #ff6600;\"><strong>OFFRE SPECIALE FRAIS DE PORT OFFERTS<\/strong><\/span><\/h3>\n<p style=\"text-align: center;\">(<em>sauf indications particuli\u00e8res, les offres sp\u00e9ciales sont r\u00e9serv\u00e9es aux particuliers<\/em>)<\/p>\n<p>Pack des 3 livres de Fabienne BOTTO pour 30,00 \u20ac (au lieu de 31,50 \u20ac) et <strong>frais de port offerts<\/strong> (\u00e9conomie 6,70 \u20ac)<\/p>\n<p><a href=\"https:\/\/www.zonaires.com\/wp-content\/uploads\/2025\/04\/pack-F-Botto_1.jpg\"><img loading=\"lazy\" class=\"alignleft size-medium wp-image-5164\" src=\"https:\/\/www.zonaires.com\/wp-content\/uploads\/2025\/04\/pack-F-Botto_1-300x300.jpg\" alt=\"\" width=\"300\" height=\"300\" srcset=\"https:\/\/www.zonaires.com\/wp-content\/uploads\/2025\/04\/pack-F-Botto_1-300x300.jpg 300w, https:\/\/www.zonaires.com\/wp-content\/uploads\/2025\/04\/pack-F-Botto_1-1024x1024.jpg 1024w, https:\/\/www.zonaires.com\/wp-content\/uploads\/2025\/04\/pack-F-Botto_1-148x148.jpg 148w, https:\/\/www.zonaires.com\/wp-content\/uploads\/2025\/04\/pack-F-Botto_1-768x768.jpg 768w, https:\/\/www.zonaires.com\/wp-content\/uploads\/2025\/04\/pack-F-Botto_1-1536x1536.jpg 1536w, https:\/\/www.zonaires.com\/wp-content\/uploads\/2025\/04\/pack-F-Botto_1-2048x2048.jpg 2048w\" sizes=\"(max-width: 300px) 100vw, 300px\" \/><\/a><\/p>\n<form action=\"https:\/\/www.paypal.com\/cgi-bin\/webscr\" method=\"post\" target=\"_blank\"><input name=\"cmd\" type=\"hidden\" value=\"_s-xclick\" \/><br \/>\n<input name=\"hosted_button_id\" type=\"hidden\" value=\"2HPSRZXM4Y23J\" \/><br \/>\n<input name=\"currency_code\" type=\"hidden\" value=\"EUR\" \/><br \/>\n<input title=\"PayPal, votre r\u00e9flexe s\u00e9curit\u00e9 pour payer en ligne.\" alt=\"Ajouter au panier\" name=\"submit\" src=\"https:\/\/www.paypalobjects.com\/fr_FR\/i\/btn\/btn_cart_LG.gif\" type=\"image\" \/><\/form>\n<p>&nbsp;<\/p>\n<p>&nbsp;<\/p>\n<p>&nbsp;<\/p>\n<p>&nbsp;<\/p>\n<p><a href=\"https:\/\/www.zonaires.com\/wp-content\/uploads\/2024\/11\/francoise-guerin-integral_1.jpg\"><img loading=\"lazy\" class=\"alignleft wp-image-5013\" src=\"https:\/\/www.zonaires.com\/wp-content\/uploads\/2024\/11\/francoise-guerin-integral_1-300x300.jpg\" alt=\"\" width=\"256\" height=\"256\" srcset=\"https:\/\/www.zonaires.com\/wp-content\/uploads\/2024\/11\/francoise-guerin-integral_1-300x300.jpg 300w, https:\/\/www.zonaires.com\/wp-content\/uploads\/2024\/11\/francoise-guerin-integral_1-1024x1024.jpg 1024w, https:\/\/www.zonaires.com\/wp-content\/uploads\/2024\/11\/francoise-guerin-integral_1-148x148.jpg 148w, https:\/\/www.zonaires.com\/wp-content\/uploads\/2024\/11\/francoise-guerin-integral_1-768x768.jpg 768w, https:\/\/www.zonaires.com\/wp-content\/uploads\/2024\/11\/francoise-guerin-integral_1-1536x1536.jpg 1536w, https:\/\/www.zonaires.com\/wp-content\/uploads\/2024\/11\/francoise-guerin-integral_1-2048x2048.jpg 2048w\" sizes=\"(max-width: 256px) 100vw, 256px\" \/><\/a><\/p>\n<div dir=\"auto\"><strong>FRAIS DE PORT OFFERTS<\/strong><\/div>\n<div dir=\"auto\">Pour l&#8217;achat de l&#8217;int\u00e9grale des recueils de nouvelles de Fran\u00e7oise GUERIN parus\u00a0chez Zonaires \u00e9ditions<\/div>\n<div dir=\"auto\"><a href=\"https:\/\/www.zonaires.com\/?p=1903\">Je n&#8217;oublie pas<\/a><br \/>\n<a href=\"https:\/\/www.zonaires.com\/?page_id=3078\">Au chevet des vivants<\/a><br \/>\n<a href=\"https:\/\/www.zonaires.com\/?p=4049\">Les D\u00e9fil\u00e9s du d\u00e9sir<\/a><br \/>\n<a href=\"https:\/\/www.zonaires.com\/?p=4266\">Tu la voyais grande et c&#8217;est une toute petite vie<\/a><\/div>\n<form action=\"https:\/\/www.paypal.com\/cgi-bin\/webscr\" method=\"post\" target=\"_blank\"><input name=\"cmd\" type=\"hidden\" value=\"_s-xclick\" \/><\/p>\n<p><input title=\"PayPal, votre r\u00e9flexe s\u00e9curit\u00e9 pour payer en ligne.\" alt=\"Ajouter au panier\" name=\"submit\" src=\"https:\/\/www.paypalobjects.com\/fr_FR\/i\/btn\/btn_cart_LG.gif\" type=\"image\" \/><\/p>\n<p>&nbsp;<\/p>\n<\/form>\n<div dir=\"auto\"><strong><a href=\"https:\/\/www.zonaires.com\/wp-content\/uploads\/2024\/11\/benoit-camus-integral_1.jpg\"><img loading=\"lazy\" class=\"alignleft wp-image-5011\" src=\"https:\/\/www.zonaires.com\/wp-content\/uploads\/2024\/11\/benoit-camus-integral_1-300x300.jpg\" alt=\"\" width=\"256\" height=\"256\" srcset=\"https:\/\/www.zonaires.com\/wp-content\/uploads\/2024\/11\/benoit-camus-integral_1-300x300.jpg 300w, https:\/\/www.zonaires.com\/wp-content\/uploads\/2024\/11\/benoit-camus-integral_1-1024x1024.jpg 1024w, https:\/\/www.zonaires.com\/wp-content\/uploads\/2024\/11\/benoit-camus-integral_1-148x148.jpg 148w, https:\/\/www.zonaires.com\/wp-content\/uploads\/2024\/11\/benoit-camus-integral_1-768x768.jpg 768w, https:\/\/www.zonaires.com\/wp-content\/uploads\/2024\/11\/benoit-camus-integral_1-1536x1536.jpg 1536w, https:\/\/www.zonaires.com\/wp-content\/uploads\/2024\/11\/benoit-camus-integral_1-2048x2048.jpg 2048w\" sizes=\"(max-width: 256px) 100vw, 256px\" \/><\/a><\/strong><\/div>\n<div dir=\"auto\"><\/div>\n<div dir=\"auto\"><\/div>\n<div dir=\"auto\"><strong>FRAIS DE PORT OFFERTS<\/strong><\/div>\n<div dir=\"auto\">Pour l&#8217;achat de l&#8217;int\u00e9grale des recueils de nouvelles de Benoit CAMUS parus\u00a0 chez Zonaires \u00e9ditions<\/div>\n<div dir=\"auto\">Offre r\u00e9serv\u00e9e aux particuliers<\/div>\n<div dir=\"auto\"><a href=\"https:\/\/www.zonaires.com\/?p=3244\">Cordes sensibles<\/a><\/div>\n<div dir=\"auto\"><a href=\"https:\/\/www.zonaires.com\/?p=3588\">Les lucubrations de Lucien<\/a><\/div>\n<div dir=\"auto\"><a href=\"https:\/\/www.zonaires.com\/?p=4411\">Un si doux mirage<\/a><\/div>\n<form action=\"https:\/\/www.paypal.com\/cgi-bin\/webscr\" method=\"post\" target=\"_blank\">\n  <input type=\"hidden\" name=\"cmd\" value=\"_s-xclick\" \/><br \/>\n  <input type=\"hidden\" name=\"hosted_button_id\" value=\"D4J8Y9NGAW5E4\" \/><br \/>\n  <input type=\"hidden\" name=\"currency_code\" value=\"EUR\" \/><br \/>\n  <input type=\"image\" src=\"https:\/\/www.paypalobjects.com\/fr_FR\/i\/btn\/btn_cart_LG.gif\" border=\"0\" name=\"submit\" title=\"PayPal, votre r\u00e9flexe s\u00e9curit\u00e9 pour payer en ligne.\" alt=\"Ajouter au panier\" \/><br \/>\n<\/form>\n","protected":false},"excerpt":{"rendered":"<p>OFFRE SPECIALE FRAIS DE PORT OFFERTS (sauf indications particuli\u00e8res, les offres sp\u00e9ciales sont r\u00e9serv\u00e9es aux particuliers) Pack des 3 livres de Fabienne BOTTO pour 30,00 \u20ac (au lieu de 31,50 [&hellip;]<\/p>\n","protected":false},"author":1,"featured_media":0,"parent":0,"menu_order":0,"comment_status":"closed","ping_status":"closed","template":"","meta":[],"_links":{"self":[{"href":"https:\/\/www.zonaires.com\/index.php?rest_route=\/wp\/v2\/pages\/3543"}],"collection":[{"href":"https:\/\/www.zonaires.com\/index.php?rest_route=\/wp\/v2\/pages"}],"about":[{"href":"https:\/\/www.zonaires.com\/index.php?rest_route=\/wp\/v2\/types\/page"}],"author":[{"embeddable":true,"href":"https:\/\/www.zonaires.com\/index.php?rest_route=\/wp\/v2\/users\/1"}],"replies":[{"embeddable":true,"href":"https:\/\/www.zonaires.com\/index.php?rest_route=%2Fwp%2Fv2%2Fcomments&post=3543"}],"version-history":[{"count":115,"href":"https:\/\/www.zonaires.com\/index.php?rest_route=\/wp\/v2\/pages\/3543\/revisions"}],"predecessor-version":[{"id":5392,"href":"https:\/\/www.zonaires.com\/index.php?rest_route=\/wp\/v2\/pages\/3543\/revisions\/5392"}],"wp:attachment":[{"href":"https:\/\/www.zonaires.com\/index.php?rest_route=%2Fwp%2Fv2%2Fmedia&parent=3543"}],"curies":[{"name":"wp","href":"https:\/\/api.w.org\/{rel}","templated":true}]}}