{"id":3454,"date":"2021-01-07T17:04:27","date_gmt":"2021-01-07T16:04:27","guid":{"rendered":"https:\/\/www.zonaires.com\/?page_id=3454"},"modified":"2021-01-12T12:01:08","modified_gmt":"2021-01-12T11:01:08","slug":"carte-fidelite","status":"publish","type":"page","link":"https:\/\/www.zonaires.com\/?page_id=3454","title":{"rendered":"Carte de fid\u00e9lit\u00e9"},"content":{"rendered":"<p>Vous avez par le pass\u00e9 command\u00e9 des livres chez Zonaires \u00e9ditions et nous vous en remercions.<\/p>\n<p>Comme bon nombre de maisons, nous avons rencontr\u00e9 en 2020 des difficult\u00e9s pour rendre visibles nos publications avec notamment l\u2019annulation des \u00e9v\u00e8nements litt\u00e9raires (salons, festivals, rencontres-d\u00e9dicaces, clubs de lecture\u2026) et \u00e0 l\u2019automne une concurrence un peu d\u00e9loyale avec la dispense d\u2019affranchissement pour les envois par la poste accord\u00e9e aux seules librairies.<\/p>\n<p>Dans le but de rendre un peu plus attractives nos propositions de lecture, nous mettons en place d\u00e8s aujourd\u2019hui une carte de fid\u00e9lit\u00e9 qui vous permettra de b\u00e9n\u00e9ficier d\u2019un bon d\u2019achat \u00e9gal \u00e0 10 % du montant total de vos 10 prochaines commandes de livres <strong>*<\/strong> chez\u00a0<a href=\"https:\/\/www.zonaires.com\/\">www.zonaires.com<\/a><\/p>\n<p>Toutes les explications n\u00e9cessaires sont sur la carte ci-jointe, mais n\u2019h\u00e9sitez pas \u00e0 poser les questions que vous jugerez utiles.<\/p>\n<p>Mille mercis pour votre soutien et votre fid\u00e9lit\u00e9.<\/p>\n<p>* Offre r\u00e9serv\u00e9e aux particuliers<\/p>\n<p><a href=\"https:\/\/www.zonaires.com\/wp-content\/uploads\/2021\/01\/carte-fid\u00e9lit\u00e9-zonaires-\u00e9ditions_1.jpg\"><img loading=\"lazy\" class=\"alignleft size-large wp-image-3452\" src=\"https:\/\/www.zonaires.com\/wp-content\/uploads\/2021\/01\/carte-fid\u00e9lit\u00e9-zonaires-\u00e9ditions_1-1024x722.jpg\" alt=\"\" width=\"810\" height=\"571\" srcset=\"https:\/\/www.zonaires.com\/wp-content\/uploads\/2021\/01\/carte-fid\u00e9lit\u00e9-zonaires-\u00e9ditions_1-1024x722.jpg 1024w, https:\/\/www.zonaires.com\/wp-content\/uploads\/2021\/01\/carte-fid\u00e9lit\u00e9-zonaires-\u00e9ditions_1-148x104.jpg 148w, https:\/\/www.zonaires.com\/wp-content\/uploads\/2021\/01\/carte-fid\u00e9lit\u00e9-zonaires-\u00e9ditions_1-300x211.jpg 300w, https:\/\/www.zonaires.com\/wp-content\/uploads\/2021\/01\/carte-fid\u00e9lit\u00e9-zonaires-\u00e9ditions_1-768x541.jpg 768w\" sizes=\"(max-width: 810px) 100vw, 810px\" \/><\/a><\/p>\n","protected":false},"excerpt":{"rendered":"<p>Vous avez par le pass\u00e9 command\u00e9 des livres chez Zonaires \u00e9ditions et nous vous en remercions. Comme bon nombre de maisons, nous avons rencontr\u00e9 en 2020 des difficult\u00e9s pour rendre [&hellip;]<\/p>\n","protected":false},"author":1,"featured_media":0,"parent":0,"menu_order":0,"comment_status":"closed","ping_status":"closed","template":"","meta":[],"_links":{"self":[{"href":"https:\/\/www.zonaires.com\/index.php?rest_route=\/wp\/v2\/pages\/3454"}],"collection":[{"href":"https:\/\/www.zonaires.com\/index.php?rest_route=\/wp\/v2\/pages"}],"about":[{"href":"https:\/\/www.zonaires.com\/index.php?rest_route=\/wp\/v2\/types\/page"}],"author":[{"embeddable":true,"href":"https:\/\/www.zonaires.com\/index.php?rest_route=\/wp\/v2\/users\/1"}],"replies":[{"embeddable":true,"href":"https:\/\/www.zonaires.com\/index.php?rest_route=%2Fwp%2Fv2%2Fcomments&post=3454"}],"version-history":[{"count":4,"href":"https:\/\/www.zonaires.com\/index.php?rest_route=\/wp\/v2\/pages\/3454\/revisions"}],"predecessor-version":[{"id":3483,"href":"https:\/\/www.zonaires.com\/index.php?rest_route=\/wp\/v2\/pages\/3454\/revisions\/3483"}],"wp:attachment":[{"href":"https:\/\/www.zonaires.com\/index.php?rest_route=%2Fwp%2Fv2%2Fmedia&parent=3454"}],"curies":[{"name":"wp","href":"https:\/\/api.w.org\/{rel}","templated":true}]}}