{"id":3334,"date":"2020-10-01T11:14:19","date_gmt":"2020-10-01T10:14:19","guid":{"rendered":"https:\/\/www.zonaires.com\/?page_id=3334"},"modified":"2020-10-01T11:15:47","modified_gmt":"2020-10-01T10:15:47","slug":"silvia-trebbi","status":"publish","type":"page","link":"https:\/\/www.zonaires.com\/?page_id=3334","title":{"rendered":"Silvia Trebbi"},"content":{"rendered":"<p><img loading=\"lazy\" class=\"alignleft size-thumbnail wp-image-3286\" src=\"https:\/\/www.zonaires.com\/wp-content\/uploads\/2020\/09\/Silvia-148x210.jpg\" alt=\"\" width=\"148\" height=\"210\" \/>Je dessine. Je dessine depuis toujours. C\u2019est une fa\u00e7on de penser, une fa\u00e7on de voir, une fa\u00e7on de parler sans bruit.<br \/>\nPourtant, j\u2019aime les dessins qui parlent, les dessins qui bougent de case en case, \u00e0 chaque page.<br \/>\nLa feuille de dessin me stimule. La page blanche me monte \u00e0 la t\u00eate. Elle accepte de recevoir platement mes divagations graphiques et de participer \u00e0 la cr\u00e9ation d\u2019un monde d\u2019encre et de papier, qui se construit peu \u00e0 peu sur elle et par elle, de ma t\u00eate \u00e0 ma main, entre la plume et le trait. La politesse de la page blanche est d\u2019h\u00e9berger gracieusement mon dessin, celui-l\u00e0 m\u00eame qui me raconte qui je suis et je ne peux vous en dire davantage.<\/p>\n<p>Elle cor\u00e9alise avec papa Malick Fall le roman graphique &#8220;<a href=\"https:\/\/www.zonaires.com\/?p=3277\">Le silence des baobabs<\/a>&#8220;<\/p>\n","protected":false},"excerpt":{"rendered":"<p>Je dessine. Je dessine depuis toujours. C\u2019est une fa\u00e7on de penser, une fa\u00e7on de voir, une fa\u00e7on de parler sans bruit. Pourtant, j\u2019aime les dessins qui parlent, les dessins qui [&hellip;]<\/p>\n","protected":false},"author":1,"featured_media":0,"parent":2248,"menu_order":0,"comment_status":"closed","ping_status":"closed","template":"","meta":[],"_links":{"self":[{"href":"https:\/\/www.zonaires.com\/index.php?rest_route=\/wp\/v2\/pages\/3334"}],"collection":[{"href":"https:\/\/www.zonaires.com\/index.php?rest_route=\/wp\/v2\/pages"}],"about":[{"href":"https:\/\/www.zonaires.com\/index.php?rest_route=\/wp\/v2\/types\/page"}],"author":[{"embeddable":true,"href":"https:\/\/www.zonaires.com\/index.php?rest_route=\/wp\/v2\/users\/1"}],"replies":[{"embeddable":true,"href":"https:\/\/www.zonaires.com\/index.php?rest_route=%2Fwp%2Fv2%2Fcomments&post=3334"}],"version-history":[{"count":2,"href":"https:\/\/www.zonaires.com\/index.php?rest_route=\/wp\/v2\/pages\/3334\/revisions"}],"predecessor-version":[{"id":3336,"href":"https:\/\/www.zonaires.com\/index.php?rest_route=\/wp\/v2\/pages\/3334\/revisions\/3336"}],"up":[{"embeddable":true,"href":"https:\/\/www.zonaires.com\/index.php?rest_route=\/wp\/v2\/pages\/2248"}],"wp:attachment":[{"href":"https:\/\/www.zonaires.com\/index.php?rest_route=%2Fwp%2Fv2%2Fmedia&parent=3334"}],"curies":[{"name":"wp","href":"https:\/\/api.w.org\/{rel}","templated":true}]}}