{"id":3264,"date":"2020-09-23T10:15:10","date_gmt":"2020-09-23T09:15:10","guid":{"rendered":"https:\/\/www.zonaires.com\/?page_id=3264"},"modified":"2023-09-28T07:48:15","modified_gmt":"2023-09-28T06:48:15","slug":"benoit-camus","status":"publish","type":"page","link":"https:\/\/www.zonaires.com\/?page_id=3264","title":{"rendered":"Benoit Camus"},"content":{"rendered":"<p><img loading=\"lazy\" class=\"alignleft size-thumbnail wp-image-3246\" src=\"https:\/\/www.zonaires.com\/wp-content\/uploads\/2020\/09\/Portrait-B-Camus-148x210.jpg\" alt=\"\" width=\"148\" height=\"210\" \/><\/p>\n<p>Benoit Camus accumule les phrases, les lignes, les pages\u00a0; certaines d\u2019entre elles ont b\u00e9n\u00e9fici\u00e9 d\u2019un \u00e9clairage \u00e9ditorial au sein de revues, d\u2019anthologies ou d\u2019ouvrages personnels. Il ne se lasse pas d\u2019explorer le champ litt\u00e9raire et de promener sa plume au long de ses sillons.<\/p>\n<p><a href=\"https:\/\/www.zonaires.com\/?p=3244\">Cordes Sensibles<\/a>\u00a0est son quatri\u00e8me livre.<\/p>\n<p><a href=\"https:\/\/www.zonaires.com\/?p=3588\">Les Lucubrations de Lucien<\/a> (avril 2021)<\/p>\n<p><a href=\"https:\/\/www.zonaires.com\/?p=4411\">Un si doux mirage<\/a> (octobre 2023)<\/p>\n","protected":false},"excerpt":{"rendered":"<p>Benoit Camus accumule les phrases, les lignes, les pages\u00a0; certaines d\u2019entre elles ont b\u00e9n\u00e9fici\u00e9 d\u2019un \u00e9clairage \u00e9ditorial au sein de revues, d\u2019anthologies ou d\u2019ouvrages personnels. Il ne se lasse pas [&hellip;]<\/p>\n","protected":false},"author":1,"featured_media":0,"parent":2248,"menu_order":0,"comment_status":"closed","ping_status":"closed","template":"","meta":[],"_links":{"self":[{"href":"https:\/\/www.zonaires.com\/index.php?rest_route=\/wp\/v2\/pages\/3264"}],"collection":[{"href":"https:\/\/www.zonaires.com\/index.php?rest_route=\/wp\/v2\/pages"}],"about":[{"href":"https:\/\/www.zonaires.com\/index.php?rest_route=\/wp\/v2\/types\/page"}],"author":[{"embeddable":true,"href":"https:\/\/www.zonaires.com\/index.php?rest_route=\/wp\/v2\/users\/1"}],"replies":[{"embeddable":true,"href":"https:\/\/www.zonaires.com\/index.php?rest_route=%2Fwp%2Fv2%2Fcomments&post=3264"}],"version-history":[{"count":4,"href":"https:\/\/www.zonaires.com\/index.php?rest_route=\/wp\/v2\/pages\/3264\/revisions"}],"predecessor-version":[{"id":4434,"href":"https:\/\/www.zonaires.com\/index.php?rest_route=\/wp\/v2\/pages\/3264\/revisions\/4434"}],"up":[{"embeddable":true,"href":"https:\/\/www.zonaires.com\/index.php?rest_route=\/wp\/v2\/pages\/2248"}],"wp:attachment":[{"href":"https:\/\/www.zonaires.com\/index.php?rest_route=%2Fwp%2Fv2%2Fmedia&parent=3264"}],"curies":[{"name":"wp","href":"https:\/\/api.w.org\/{rel}","templated":true}]}}