{"id":3210,"date":"2020-08-03T15:25:27","date_gmt":"2020-08-03T14:25:27","guid":{"rendered":"https:\/\/www.zonaires.com\/?page_id=3210"},"modified":"2020-08-03T15:29:17","modified_gmt":"2020-08-03T14:29:17","slug":"faire-un-don","status":"publish","type":"page","link":"https:\/\/www.zonaires.com\/?page_id=3210","title":{"rendered":"Faire un don"},"content":{"rendered":"<p>Bonjour,<br \/>\nMerci pour votre visite sur cette page de soutien \u00e0 l&#8217;\u00e9dition ind\u00e9pendante.<br \/>\nQuel que soit son montant votre don nous permet de continuer \u00e0 aller de l&#8217;avant et nous t\u00e9moigner de votre soutien \u00e0 la cr\u00e9ation et aux auteur.e.s<br \/>\n<form class='Exq_ppd-form Exq_ppd_else' action='https:\/\/www.paypal.com\/cgi-bin\/webscr' method='post'style='background:#81d742;'><h3>Faire un don \u00e0 Zonaires \u00e9ditions<\/h3><p><input name='business' type='hidden'  value='contact@zonaires.com'> <input name='cmd' type='hidden' value='_donations'><\/p><p>Choose currency<select name='currency_code'><option value='EUR'>Euro<\/option><option value='USD'>U.S. Dollar<\/option><\/select><\/p><p>Enter amount <input id='amount' class='margin' name='amount' pattern='[0-9]*' required='' type='text'><INPUT TYPE='hidden' NAME='return' value='https:\/\/www.zonaires.com'><br><\/p><input name='lc' type='hidden' value='FR'>\r\n        <p><button id='exq_button' class='image-2'  name='submit' type='image'><\/button><\/p>\r\n        <\/form>Zonaires \u00e9ditions est s\u00e9curis\u00e9 gr\u00e2ce au protocole HTTPS.\u00a0La s\u00e9curit\u00e9 des informations transmises par le protocole HTTPS est bas\u00e9e sur l&#8217;utilisation d&#8217;un algorithme de chiffrement, et sur la reconnaissance de validit\u00e9 du certificat d&#8217;authentification du site visit\u00e9. En clair, le protocole de communication Internet prot\u00e8ge l&#8217;int\u00e9grit\u00e9 ainsi que la confidentialit\u00e9 des donn\u00e9es lors du transfert d&#8217;informations entre l&#8217;ordinateur de l&#8217;internaute et le site.<\/p>\n","protected":false},"excerpt":{"rendered":"<p>Bonjour, Merci pour votre visite sur cette page de soutien \u00e0 l&#8217;\u00e9dition ind\u00e9pendante. Quel que soit son montant votre don nous permet de continuer \u00e0 aller de l&#8217;avant et nous [&hellip;]<\/p>\n","protected":false},"author":1,"featured_media":0,"parent":0,"menu_order":0,"comment_status":"closed","ping_status":"closed","template":"","meta":[],"_links":{"self":[{"href":"https:\/\/www.zonaires.com\/index.php?rest_route=\/wp\/v2\/pages\/3210"}],"collection":[{"href":"https:\/\/www.zonaires.com\/index.php?rest_route=\/wp\/v2\/pages"}],"about":[{"href":"https:\/\/www.zonaires.com\/index.php?rest_route=\/wp\/v2\/types\/page"}],"author":[{"embeddable":true,"href":"https:\/\/www.zonaires.com\/index.php?rest_route=\/wp\/v2\/users\/1"}],"replies":[{"embeddable":true,"href":"https:\/\/www.zonaires.com\/index.php?rest_route=%2Fwp%2Fv2%2Fcomments&post=3210"}],"version-history":[{"count":7,"href":"https:\/\/www.zonaires.com\/index.php?rest_route=\/wp\/v2\/pages\/3210\/revisions"}],"predecessor-version":[{"id":3218,"href":"https:\/\/www.zonaires.com\/index.php?rest_route=\/wp\/v2\/pages\/3210\/revisions\/3218"}],"wp:attachment":[{"href":"https:\/\/www.zonaires.com\/index.php?rest_route=%2Fwp%2Fv2%2Fmedia&parent=3210"}],"curies":[{"name":"wp","href":"https:\/\/api.w.org\/{rel}","templated":true}]}}