{"id":2807,"date":"2019-09-23T11:59:44","date_gmt":"2019-09-23T10:59:44","guid":{"rendered":"http:\/\/www.zonaires.com\/?page_id=2807"},"modified":"2019-09-23T11:59:44","modified_gmt":"2019-09-23T10:59:44","slug":"quand-bruissent-les-bambous","status":"publish","type":"page","link":"https:\/\/www.zonaires.com\/?page_id=2807","title":{"rendered":"Quand bruissent les bambous"},"content":{"rendered":"<p><img loading=\"lazy\" class=\"alignleft size-thumbnail wp-image-2767\" src=\"https:\/\/www.zonaires.com\/wp-content\/uploads\/2019\/08\/Quand-bruissent-les-bambous-couverture_1-2-148x210.jpg\" alt=\"\" width=\"148\" height=\"210\" \/>\u00a0Court extrait de la nouvelle &#8220;La Belle au Pont Dormant&#8221;, qui ouvre le recueil.<\/p>\n<p>\u00ab La nature avait dot\u00e9 la jeune fille d\u2019un visage et d\u2019une silhouette capables de r\u00e9concilier le dernier d\u2019une classe avec la g\u00e9om\u00e9trie. L\u2019ovale de son visage trouvait un \u00e9cho dans l\u2019amande de ses yeux l\u00e9g\u00e8rement brid\u00e9s. Son chapeau pointu \u00e9tait retenu par deux rubans fix\u00e9s \u00e0 la base du rotin et nou\u00e9s sous le menton. L\u2019ensemble tra\u00e7ait les contours parfaits de deux triangles se rejoignant pour dessiner un losange au centre duquel le visage de la jeune fille, ourl\u00e9 d\u2019ombre, diffusait l\u2019\u00e9clat pudique d\u2019une lune voil\u00e9e. Les manches chauve-souris de sa tunique formaient, elles aussi, deux triangles lorsque Miel \u00e9cartait les bras pour \u00e9crire sur la souche de son petit carnet. Quand le vent soufflait, l\u2019\u00e9toffe l\u00e9g\u00e8re se gonflait comme les voiles d\u2019une jonque et l\u2019esprit de Martin lui jouait alors des tours : il l\u2019imaginait bateau, glissant sur le M\u00e9kong, ou bien encore cerf-volant, tournoyant au-dessus des eaux bronze du fleuve. Mais ce qu\u2019il aimait par-dessus tout, c\u2019\u00e9tait la retrouver, au petit matin, install\u00e9e au bout de la passerelle de bambou qui enjambait la Nam Khan. Elle appartenait \u00e0 ce d\u00e9cor\u2026 \u00bb.<\/p>\n","protected":false},"excerpt":{"rendered":"<p>\u00a0Court extrait de la nouvelle &#8220;La Belle au Pont Dormant&#8221;, qui ouvre le recueil. \u00ab La nature avait dot\u00e9 la jeune fille d\u2019un visage et d\u2019une silhouette capables de r\u00e9concilier [&hellip;]<\/p>\n","protected":false},"author":1,"featured_media":0,"parent":2263,"menu_order":0,"comment_status":"closed","ping_status":"closed","template":"","meta":[],"_links":{"self":[{"href":"https:\/\/www.zonaires.com\/index.php?rest_route=\/wp\/v2\/pages\/2807"}],"collection":[{"href":"https:\/\/www.zonaires.com\/index.php?rest_route=\/wp\/v2\/pages"}],"about":[{"href":"https:\/\/www.zonaires.com\/index.php?rest_route=\/wp\/v2\/types\/page"}],"author":[{"embeddable":true,"href":"https:\/\/www.zonaires.com\/index.php?rest_route=\/wp\/v2\/users\/1"}],"replies":[{"embeddable":true,"href":"https:\/\/www.zonaires.com\/index.php?rest_route=%2Fwp%2Fv2%2Fcomments&post=2807"}],"version-history":[{"count":2,"href":"https:\/\/www.zonaires.com\/index.php?rest_route=\/wp\/v2\/pages\/2807\/revisions"}],"predecessor-version":[{"id":2809,"href":"https:\/\/www.zonaires.com\/index.php?rest_route=\/wp\/v2\/pages\/2807\/revisions\/2809"}],"up":[{"embeddable":true,"href":"https:\/\/www.zonaires.com\/index.php?rest_route=\/wp\/v2\/pages\/2263"}],"wp:attachment":[{"href":"https:\/\/www.zonaires.com\/index.php?rest_route=%2Fwp%2Fv2%2Fmedia&parent=2807"}],"curies":[{"name":"wp","href":"https:\/\/api.w.org\/{rel}","templated":true}]}}