{"id":2348,"date":"2018-11-26T12:05:28","date_gmt":"2018-11-26T11:05:28","guid":{"rendered":"http:\/\/www.zonaires.com\/?page_id=2348"},"modified":"2018-11-26T12:05:28","modified_gmt":"2018-11-26T11:05:28","slug":"marie-therese-jacquet","status":"publish","type":"page","link":"https:\/\/www.zonaires.com\/?page_id=2348","title":{"rendered":"Marie-Th\u00e9r\u00e8se Jacquet"},"content":{"rendered":"<p><img loading=\"lazy\" class=\"alignleft size-thumbnail wp-image-150\" src=\"https:\/\/www.zonaires.com\/wp-content\/uploads\/2013\/06\/MT-Jacquet2-150x150.jpg\" alt=\"\" width=\"148\" height=\"148\" \/><\/p>\n<p><strong>Le Radeau de Victoire<\/strong><\/p>\n<p>Elle \u00ab rame \u00bb, cette enfant, dans le monde tel qu\u2019il se r\u00e9v\u00e8le \u00e0 ses yeux na\u00effs et implacables.<br \/>\nPetit Quinquin, n\u00e9e dans un vieux quartier lillois, rame parce que c\u2019est la Seconde Guerre mondiale.<br \/>\nElle rame parce que dans la boulangerie familiale, ses parents, leurs proches se livrent \u00e0 des guerres o\u00f9 tous les coups sont permis.<br \/>\nElle rame dans la d\u00e9b\u00e2cle vers le sud, l\u2019exode vers l\u2019est. Sa m\u00e8re, gagn\u00e9e par les terreurs de l\u2019\u00e9poque, fuit au volant de sa voiture. Son p\u00e8re alsacien reste dans sa boulangerie, se livrant \u00e0 des commerces louches.<br \/>\nQuand l\u2019enfant perd sa boussole, elle retrouve calme, tendresse et protection aupr\u00e8s d\u2019une vieille dame sur sa terrasse aux g\u00e9raniums, chez des oncles et tantes dans la famille de substitution de son petit fr\u00e8re.<br \/>\nElle apprend \u00e0 prot\u00e9ger sa fr\u00eale p\u00e9rissoire en d\u00e9pit des naufrages mena\u00e7ants. Son h\u00e9ros c\u2019est Tarzan, protecteur des animaux de la Jungle, figure paternelle sans peur et sans reproche.<\/p>\n","protected":false},"excerpt":{"rendered":"<p>Le Radeau de Victoire Elle \u00ab rame \u00bb, cette enfant, dans le monde tel qu\u2019il se r\u00e9v\u00e8le \u00e0 ses yeux na\u00effs et implacables. Petit Quinquin, n\u00e9e dans un vieux quartier [&hellip;]<\/p>\n","protected":false},"author":1,"featured_media":0,"parent":0,"menu_order":0,"comment_status":"closed","ping_status":"closed","template":"","meta":[],"_links":{"self":[{"href":"https:\/\/www.zonaires.com\/index.php?rest_route=\/wp\/v2\/pages\/2348"}],"collection":[{"href":"https:\/\/www.zonaires.com\/index.php?rest_route=\/wp\/v2\/pages"}],"about":[{"href":"https:\/\/www.zonaires.com\/index.php?rest_route=\/wp\/v2\/types\/page"}],"author":[{"embeddable":true,"href":"https:\/\/www.zonaires.com\/index.php?rest_route=\/wp\/v2\/users\/1"}],"replies":[{"embeddable":true,"href":"https:\/\/www.zonaires.com\/index.php?rest_route=%2Fwp%2Fv2%2Fcomments&post=2348"}],"version-history":[{"count":2,"href":"https:\/\/www.zonaires.com\/index.php?rest_route=\/wp\/v2\/pages\/2348\/revisions"}],"predecessor-version":[{"id":2350,"href":"https:\/\/www.zonaires.com\/index.php?rest_route=\/wp\/v2\/pages\/2348\/revisions\/2350"}],"wp:attachment":[{"href":"https:\/\/www.zonaires.com\/index.php?rest_route=%2Fwp%2Fv2%2Fmedia&parent=2348"}],"curies":[{"name":"wp","href":"https:\/\/api.w.org\/{rel}","templated":true}]}}