{"id":2343,"date":"2018-11-06T17:38:13","date_gmt":"2018-11-06T16:38:13","guid":{"rendered":"http:\/\/www.zonaires.com\/?page_id=2343"},"modified":"2018-11-06T17:38:13","modified_gmt":"2018-11-06T16:38:13","slug":"yvonne-le-meur-rollet","status":"publish","type":"page","link":"https:\/\/www.zonaires.com\/?page_id=2343","title":{"rendered":"Yvonne Le Meur-Rollet"},"content":{"rendered":"<p><img loading=\"lazy\" class=\"alignleft  wp-image-946\" src=\"https:\/\/www.zonaires.com\/wp-content\/uploads\/2015\/05\/YLR-nb.jpg\" alt=\"\" width=\"164\" height=\"209\" srcset=\"https:\/\/www.zonaires.com\/wp-content\/uploads\/2015\/05\/YLR-nb.jpg 2592w, https:\/\/www.zonaires.com\/wp-content\/uploads\/2015\/05\/YLR-nb-235x300.jpg 235w, https:\/\/www.zonaires.com\/wp-content\/uploads\/2015\/05\/YLR-nb-803x1024.jpg 803w\" sizes=\"(max-width: 164px) 100vw, 164px\" \/><\/p>\n<p>&nbsp;<\/p>\n<p>Laissez-vous porter par la petite musique feutr\u00e9e d\u2019Yvonne Le Meur Rollet, faites un tour avec elle dans le quotidien de gens qui s\u2019aiment simplement, \u00e9coutez battre les c\u0153urs \u00e9branl\u00e9s, humez donc le bon air du bonheur, mais ne soyez pas surpris si parfois la lumi\u00e8re vacille ou si le parfum est frelat\u00e9, car elle sait y faire la po\u00e9tesse pour mettre en mots les chagrins, les peurs et les douleurs enfouies\u2026<\/p>\n<p>Yvonne Le Meur-Rollet a d\u2019abord publi\u00e9 de la po\u00e9sie, et 12 recueils de ses po\u00e8mes ont \u00e9t\u00e9 \u00e9dit\u00e9s depuis 1998. Une trentaine de ses textes de prose ont paru dans des revues et des ouvrages collectifs avant la publication de son premier recueil de nouvelles \u00ab Le Chaos de la Divine \u00bb qui a obtenu le Prix des Beffrois \u00e0 Douai en 2012.<br \/>\n<a href=\"https:\/\/www.zonaires.com\/?p=943\">Souvent, pour s\u2019amuser<\/a>, est paru en 2015 dans la collection Lapidaires<\/p>\n","protected":false},"excerpt":{"rendered":"<p>&nbsp; Laissez-vous porter par la petite musique feutr\u00e9e d\u2019Yvonne Le Meur Rollet, faites un tour avec elle dans le quotidien de gens qui s\u2019aiment simplement, \u00e9coutez battre les c\u0153urs \u00e9branl\u00e9s, [&hellip;]<\/p>\n","protected":false},"author":1,"featured_media":0,"parent":0,"menu_order":0,"comment_status":"closed","ping_status":"closed","template":"","meta":[],"_links":{"self":[{"href":"https:\/\/www.zonaires.com\/index.php?rest_route=\/wp\/v2\/pages\/2343"}],"collection":[{"href":"https:\/\/www.zonaires.com\/index.php?rest_route=\/wp\/v2\/pages"}],"about":[{"href":"https:\/\/www.zonaires.com\/index.php?rest_route=\/wp\/v2\/types\/page"}],"author":[{"embeddable":true,"href":"https:\/\/www.zonaires.com\/index.php?rest_route=\/wp\/v2\/users\/1"}],"replies":[{"embeddable":true,"href":"https:\/\/www.zonaires.com\/index.php?rest_route=%2Fwp%2Fv2%2Fcomments&post=2343"}],"version-history":[{"count":2,"href":"https:\/\/www.zonaires.com\/index.php?rest_route=\/wp\/v2\/pages\/2343\/revisions"}],"predecessor-version":[{"id":2345,"href":"https:\/\/www.zonaires.com\/index.php?rest_route=\/wp\/v2\/pages\/2343\/revisions\/2345"}],"wp:attachment":[{"href":"https:\/\/www.zonaires.com\/index.php?rest_route=%2Fwp%2Fv2%2Fmedia&parent=2343"}],"curies":[{"name":"wp","href":"https:\/\/api.w.org\/{rel}","templated":true}]}}