{"id":2338,"date":"2018-11-06T17:30:49","date_gmt":"2018-11-06T16:30:49","guid":{"rendered":"http:\/\/www.zonaires.com\/?page_id=2338"},"modified":"2018-11-06T17:30:49","modified_gmt":"2018-11-06T16:30:49","slug":"jean-calbrix","status":"publish","type":"page","link":"https:\/\/www.zonaires.com\/?page_id=2338","title":{"rendered":"Jean Calbrix"},"content":{"rendered":"<p><img loading=\"lazy\" class=\"alignleft  wp-image-281\" src=\"https:\/\/www.zonaires.com\/wp-content\/uploads\/2013\/06\/jean-calbrix-2.jpg\" alt=\"\" width=\"200\" height=\"150\" srcset=\"https:\/\/www.zonaires.com\/wp-content\/uploads\/2013\/06\/jean-calbrix-2.jpg 916w, https:\/\/www.zonaires.com\/wp-content\/uploads\/2013\/06\/jean-calbrix-2-300x224.jpg 300w\" sizes=\"(max-width: 200px) 100vw, 200px\" \/><\/p>\n<p>Apr\u00e8s une carri\u00e8re de math\u00e9maticien \u00e0 l\u2019Universit\u00e9 de Rouen, Jean Calbrix se consacre depuis une quinzaine d\u2019ann\u00e9es \u00e0 l\u2019\u00e9criture. Po\u00e8te \u00e0 l\u2019honneur dans de nombreux festivals, nouvelliste \u00e9dit\u00e9 dans les c\u00e9l\u00e8bres revues Harfang, Sol\u2019Air, Salgimondis, l\u2019Encrier Renvers\u00e9, il a \u00e9galement publi\u00e9 une s\u00e9rie de douze romans policiers aux \u00e9ditions Charles Corlet.<\/p>\n<p>&nbsp;<\/p>\n<p><a href=\"https:\/\/www.zonaires.com\/?p=177\">Un automne en ao\u00fbt<\/a>, un roman de Jean Calbrix chez Zonaires \u00e9ditions, 300 pages<\/p>\n","protected":false},"excerpt":{"rendered":"<p>Apr\u00e8s une carri\u00e8re de math\u00e9maticien \u00e0 l\u2019Universit\u00e9 de Rouen, Jean Calbrix se consacre depuis une quinzaine d\u2019ann\u00e9es \u00e0 l\u2019\u00e9criture. Po\u00e8te \u00e0 l\u2019honneur dans de nombreux festivals, nouvelliste \u00e9dit\u00e9 dans les [&hellip;]<\/p>\n","protected":false},"author":1,"featured_media":0,"parent":0,"menu_order":0,"comment_status":"closed","ping_status":"closed","template":"","meta":[],"_links":{"self":[{"href":"https:\/\/www.zonaires.com\/index.php?rest_route=\/wp\/v2\/pages\/2338"}],"collection":[{"href":"https:\/\/www.zonaires.com\/index.php?rest_route=\/wp\/v2\/pages"}],"about":[{"href":"https:\/\/www.zonaires.com\/index.php?rest_route=\/wp\/v2\/types\/page"}],"author":[{"embeddable":true,"href":"https:\/\/www.zonaires.com\/index.php?rest_route=\/wp\/v2\/users\/1"}],"replies":[{"embeddable":true,"href":"https:\/\/www.zonaires.com\/index.php?rest_route=%2Fwp%2Fv2%2Fcomments&post=2338"}],"version-history":[{"count":3,"href":"https:\/\/www.zonaires.com\/index.php?rest_route=\/wp\/v2\/pages\/2338\/revisions"}],"predecessor-version":[{"id":2341,"href":"https:\/\/www.zonaires.com\/index.php?rest_route=\/wp\/v2\/pages\/2338\/revisions\/2341"}],"wp:attachment":[{"href":"https:\/\/www.zonaires.com\/index.php?rest_route=%2Fwp%2Fv2%2Fmedia&parent=2338"}],"curies":[{"name":"wp","href":"https:\/\/api.w.org\/{rel}","templated":true}]}}