{"id":2332,"date":"2018-11-06T17:25:28","date_gmt":"2018-11-06T16:25:28","guid":{"rendered":"http:\/\/www.zonaires.com\/?page_id=2332"},"modified":"2019-10-20T14:29:11","modified_gmt":"2019-10-20T13:29:11","slug":"danielle-akakpo","status":"publish","type":"page","link":"https:\/\/www.zonaires.com\/?page_id=2332","title":{"rendered":"Danielle Akakpo"},"content":{"rendered":"<p><img loading=\"lazy\" class=\"alignleft wp-image-981\" src=\"https:\/\/www.zonaires.com\/wp-content\/uploads\/2015\/06\/Danielle-Akakpo.jpg\" alt=\"\" width=\"148\" height=\"197\" \/><\/p>\n<p>\u00c0 ses coll\u00e8gues et \u00e0 sa hi\u00e9rarchie, Danielle Akakpo avait annonc\u00e9 dans son petit speech de d\u00e9part \u00e0 la retraite qu\u2019apr\u00e8s sa carri\u00e8re bien remplie de cadre administratif, elle ferait tout pour aller au bout d\u2019un de ses r\u00eaves : \u00e9crire. Mais toute autre chose que des notes de service, circulaires, rapports et comptes rendus en tout genre. Elle s\u2019y est employ\u00e9e activement. Premi\u00e8res exp\u00e9riences sur le Net, puis participation \u00e0 des ouvrages collectifs et publications de plusieurs romans et recueils de nouvelles. C\u2019est \u00e0 la nouvelle que va sa pr\u00e9f\u00e9rence.<\/p>\n<p>&nbsp;<\/p>\n<p>Recueil de nouvelles paru en 2015 <a href=\"https:\/\/www.zonaires.com\/?p=980\">Toi, ma p&#8217;tite folie<\/a><\/p>\n<p>Roman \u00e0 paraitre en novembre 2019 : <a href=\"https:\/\/www.zonaires.com\/?p=2824\">La F\u00eate des voisins<\/a><\/p>\n","protected":false},"excerpt":{"rendered":"<p>\u00c0 ses coll\u00e8gues et \u00e0 sa hi\u00e9rarchie, Danielle Akakpo avait annonc\u00e9 dans son petit speech de d\u00e9part \u00e0 la retraite qu\u2019apr\u00e8s sa carri\u00e8re bien remplie de cadre administratif, elle ferait [&hellip;]<\/p>\n","protected":false},"author":1,"featured_media":0,"parent":0,"menu_order":0,"comment_status":"closed","ping_status":"closed","template":"","meta":[],"_links":{"self":[{"href":"https:\/\/www.zonaires.com\/index.php?rest_route=\/wp\/v2\/pages\/2332"}],"collection":[{"href":"https:\/\/www.zonaires.com\/index.php?rest_route=\/wp\/v2\/pages"}],"about":[{"href":"https:\/\/www.zonaires.com\/index.php?rest_route=\/wp\/v2\/types\/page"}],"author":[{"embeddable":true,"href":"https:\/\/www.zonaires.com\/index.php?rest_route=\/wp\/v2\/users\/1"}],"replies":[{"embeddable":true,"href":"https:\/\/www.zonaires.com\/index.php?rest_route=%2Fwp%2Fv2%2Fcomments&post=2332"}],"version-history":[{"count":6,"href":"https:\/\/www.zonaires.com\/index.php?rest_route=\/wp\/v2\/pages\/2332\/revisions"}],"predecessor-version":[{"id":2838,"href":"https:\/\/www.zonaires.com\/index.php?rest_route=\/wp\/v2\/pages\/2332\/revisions\/2838"}],"wp:attachment":[{"href":"https:\/\/www.zonaires.com\/index.php?rest_route=%2Fwp%2Fv2%2Fmedia&parent=2332"}],"curies":[{"name":"wp","href":"https:\/\/api.w.org\/{rel}","templated":true}]}}