{"id":2315,"date":"2018-11-05T14:00:24","date_gmt":"2018-11-05T13:00:24","guid":{"rendered":"http:\/\/www.zonaires.com\/?page_id=2315"},"modified":"2018-11-05T14:00:24","modified_gmt":"2018-11-05T13:00:24","slug":"guan-jian","status":"publish","type":"page","link":"https:\/\/www.zonaires.com\/?page_id=2315","title":{"rendered":"Guan Jian"},"content":{"rendered":"<p><img loading=\"lazy\" class=\"alignleft  wp-image-1403\" src=\"https:\/\/www.zonaires.com\/wp-content\/uploads\/2016\/03\/Photo-Guan-Jian-b.jpg\" alt=\"\" width=\"160\" height=\"221\" srcset=\"https:\/\/www.zonaires.com\/wp-content\/uploads\/2016\/03\/Photo-Guan-Jian-b.jpg 840w, https:\/\/www.zonaires.com\/wp-content\/uploads\/2016\/03\/Photo-Guan-Jian-b-300x415.jpg 300w, https:\/\/www.zonaires.com\/wp-content\/uploads\/2016\/03\/Photo-Guan-Jian-b-740x1024.jpg 740w\" sizes=\"(max-width: 160px) 100vw, 160px\" \/><\/p>\n<p>&nbsp;<\/p>\n<p>Apr\u00e8s La cl\u00e9 de mes songes (roman, L\u2019Harmattan, 2012), GUAN Jian poursuit sa navigation entre Asie et Europe, entre pr\u00e9sent et pass\u00e9, entre douleur et bonheur, entre r\u00e9el et imaginaire, entre d\u00e9gustation de la vie et m\u00e9ditation sur la mort \u2026 Dans ses livres pr\u00e9c\u00e9dents, elle s\u2019est surtout inspir\u00e9e de son propre parcours, qu\u2019elle nomme \u00ab ma mine d\u2019or \u00bb, alors que dans La pluie de l\u2019aube, son regard se fixe davantage sur l\u2019Autre, sur le monde qui l\u2019entoure.<br \/>\n\u00ab \u00c9crire, c\u2019est rendre nos vies \u00e9ternellement belles \u00bb, dit-elle. \u00c9crire en fran\u00e7ais, cette langue qui n\u2019est pas sa langue maternelle, c\u2019est plonger dans un oc\u00e9an pour apprendre \u00e0 nager, un joyeux plongeon dans l\u2019incertitude.<\/p>\n<p>Paru en 2016 : <a href=\"https:\/\/www.zonaires.com\/?p=1402\">La Pluie de l&#8217;aube<\/a><\/p>\n","protected":false},"excerpt":{"rendered":"<p>&nbsp; Apr\u00e8s La cl\u00e9 de mes songes (roman, L\u2019Harmattan, 2012), GUAN Jian poursuit sa navigation entre Asie et Europe, entre pr\u00e9sent et pass\u00e9, entre douleur et bonheur, entre r\u00e9el et [&hellip;]<\/p>\n","protected":false},"author":1,"featured_media":0,"parent":0,"menu_order":0,"comment_status":"closed","ping_status":"closed","template":"","meta":[],"_links":{"self":[{"href":"https:\/\/www.zonaires.com\/index.php?rest_route=\/wp\/v2\/pages\/2315"}],"collection":[{"href":"https:\/\/www.zonaires.com\/index.php?rest_route=\/wp\/v2\/pages"}],"about":[{"href":"https:\/\/www.zonaires.com\/index.php?rest_route=\/wp\/v2\/types\/page"}],"author":[{"embeddable":true,"href":"https:\/\/www.zonaires.com\/index.php?rest_route=\/wp\/v2\/users\/1"}],"replies":[{"embeddable":true,"href":"https:\/\/www.zonaires.com\/index.php?rest_route=%2Fwp%2Fv2%2Fcomments&post=2315"}],"version-history":[{"count":2,"href":"https:\/\/www.zonaires.com\/index.php?rest_route=\/wp\/v2\/pages\/2315\/revisions"}],"predecessor-version":[{"id":2317,"href":"https:\/\/www.zonaires.com\/index.php?rest_route=\/wp\/v2\/pages\/2315\/revisions\/2317"}],"wp:attachment":[{"href":"https:\/\/www.zonaires.com\/index.php?rest_route=%2Fwp%2Fv2%2Fmedia&parent=2315"}],"curies":[{"name":"wp","href":"https:\/\/api.w.org\/{rel}","templated":true}]}}