{"id":2301,"date":"2018-11-04T16:37:05","date_gmt":"2018-11-04T15:37:05","guid":{"rendered":"http:\/\/www.zonaires.com\/?page_id=2301"},"modified":"2022-05-31T13:32:43","modified_gmt":"2022-05-31T12:32:43","slug":"francoise-guerin","status":"publish","type":"page","link":"https:\/\/www.zonaires.com\/?page_id=2301","title":{"rendered":"Fran\u00e7oise Gu\u00e9rin"},"content":{"rendered":"<p><img loading=\"lazy\" class=\"alignleft wp-image-2302\" src=\"https:\/\/www.zonaires.com\/wp-content\/uploads\/2018\/11\/francoise-guerin-1.png\" alt=\"\" width=\"157\" height=\"202\" \/><\/p>\n<p>&nbsp;<\/p>\n<p><strong>Fran\u00e7oise Gu\u00e9rin<\/strong> est psychologue. Elle est l\u2019auteure de la s\u00e9rie polici\u00e8re Lanester, adapt\u00e9e pour France 2, de trois recueils de nouvelles et de nombreux polars radiophoniques.<br \/>\nSon prochain roman, Maternit\u00e9, para\u00eet en avril 2018 aux \u00e9ditions Albin Michel.<\/p>\n<p>Publications chez Zonaires \u00e9ditions :<\/p>\n<p><a href=\"https:\/\/www.zonaires.com\/?p=1903\">Je n\u2019oublie pas<\/a>\u2026, (janvier 2018) texte de Fran\u00e7oise Gu\u00e9rin, photos de Patrick L\u2019Ecolier<\/p>\n<p><a href=\"https:\/\/www.zonaires.com\/?p=2885\">Au chevet des vivants<\/a> (d\u00e9cembre 2019)<\/p>\n<p><a href=\"https:\/\/www.zonaires.com\/?p=4049\">Les d\u00e9fil\u00e9s du d\u00e9sir<\/a> (mai 2022)<\/p>\n<p>Rencontre avec Renaud Volle sur RCF : Fran\u00e7oise Gu\u00e9rin\u00a0parle de son recueil &#8221; Au Chevet des vivants&#8221; o\u00f9 chaque nouvelle parle de la question du soin.<\/p>\n<p><iframe loading=\"lazy\" src=\"https:\/\/rcf.fr\/embed\/2613304\" width=\"100%\" height=\"220\" frameborder=\"0\"><\/iframe><\/p>\n","protected":false},"excerpt":{"rendered":"<p>&nbsp; Fran\u00e7oise Gu\u00e9rin est psychologue. Elle est l\u2019auteure de la s\u00e9rie polici\u00e8re Lanester, adapt\u00e9e pour France 2, de trois recueils de nouvelles et de nombreux polars radiophoniques. Son prochain roman, [&hellip;]<\/p>\n","protected":false},"author":1,"featured_media":0,"parent":0,"menu_order":0,"comment_status":"closed","ping_status":"closed","template":"","meta":[],"_links":{"self":[{"href":"https:\/\/www.zonaires.com\/index.php?rest_route=\/wp\/v2\/pages\/2301"}],"collection":[{"href":"https:\/\/www.zonaires.com\/index.php?rest_route=\/wp\/v2\/pages"}],"about":[{"href":"https:\/\/www.zonaires.com\/index.php?rest_route=\/wp\/v2\/types\/page"}],"author":[{"embeddable":true,"href":"https:\/\/www.zonaires.com\/index.php?rest_route=\/wp\/v2\/users\/1"}],"replies":[{"embeddable":true,"href":"https:\/\/www.zonaires.com\/index.php?rest_route=%2Fwp%2Fv2%2Fcomments&post=2301"}],"version-history":[{"count":7,"href":"https:\/\/www.zonaires.com\/index.php?rest_route=\/wp\/v2\/pages\/2301\/revisions"}],"predecessor-version":[{"id":4098,"href":"https:\/\/www.zonaires.com\/index.php?rest_route=\/wp\/v2\/pages\/2301\/revisions\/4098"}],"wp:attachment":[{"href":"https:\/\/www.zonaires.com\/index.php?rest_route=%2Fwp%2Fv2%2Fmedia&parent=2301"}],"curies":[{"name":"wp","href":"https:\/\/api.w.org\/{rel}","templated":true}]}}