{"id":2297,"date":"2018-11-04T16:28:42","date_gmt":"2018-11-04T15:28:42","guid":{"rendered":"http:\/\/www.zonaires.com\/?page_id=2297"},"modified":"2018-11-04T16:28:42","modified_gmt":"2018-11-04T15:28:42","slug":"thierry-radiere","status":"publish","type":"page","link":"https:\/\/www.zonaires.com\/?page_id=2297","title":{"rendered":"Thierry Radi\u00e8re"},"content":{"rendered":"<p><img loading=\"lazy\" class=\"alignleft size-full wp-image-1004\" src=\"https:\/\/www.zonaires.com\/wp-content\/uploads\/2015\/08\/Thierry-Radi\u00e8re-4\u00e8me-couv-e1440163249341.jpg\" alt=\"\" width=\"150\" height=\"185\" \/><\/p>\n<p>&nbsp;<\/p>\n<p><strong>Thierry Radi\u00e8re<\/strong> est n\u00e9 en 1963 \u00e0 Monthois dans les Ardennes, mais vit et travaille comme professeur d\u2019anglais \u00e0 Fontenay-le-Comte en Vend\u00e9e. Po\u00e8te, romancier, nouvelliste, il est publi\u00e9 dans de nombreuses revues et a plusieurs livres \u00e0 son actif.<\/p>\n<p><a href=\"https:\/\/www.zonaires.com\/?p=1003\">Quand les femmes parlent apr\u00e8s l&#8217;amour<\/a>, (monologues) est paru en 2015 chez Zonaires \u00e9ditions<\/p>\n","protected":false},"excerpt":{"rendered":"<p>&nbsp; Thierry Radi\u00e8re est n\u00e9 en 1963 \u00e0 Monthois dans les Ardennes, mais vit et travaille comme professeur d\u2019anglais \u00e0 Fontenay-le-Comte en Vend\u00e9e. Po\u00e8te, romancier, nouvelliste, il est publi\u00e9 dans [&hellip;]<\/p>\n","protected":false},"author":1,"featured_media":0,"parent":0,"menu_order":0,"comment_status":"closed","ping_status":"closed","template":"","meta":[],"_links":{"self":[{"href":"https:\/\/www.zonaires.com\/index.php?rest_route=\/wp\/v2\/pages\/2297"}],"collection":[{"href":"https:\/\/www.zonaires.com\/index.php?rest_route=\/wp\/v2\/pages"}],"about":[{"href":"https:\/\/www.zonaires.com\/index.php?rest_route=\/wp\/v2\/types\/page"}],"author":[{"embeddable":true,"href":"https:\/\/www.zonaires.com\/index.php?rest_route=\/wp\/v2\/users\/1"}],"replies":[{"embeddable":true,"href":"https:\/\/www.zonaires.com\/index.php?rest_route=%2Fwp%2Fv2%2Fcomments&post=2297"}],"version-history":[{"count":2,"href":"https:\/\/www.zonaires.com\/index.php?rest_route=\/wp\/v2\/pages\/2297\/revisions"}],"predecessor-version":[{"id":2299,"href":"https:\/\/www.zonaires.com\/index.php?rest_route=\/wp\/v2\/pages\/2297\/revisions\/2299"}],"wp:attachment":[{"href":"https:\/\/www.zonaires.com\/index.php?rest_route=%2Fwp%2Fv2%2Fmedia&parent=2297"}],"curies":[{"name":"wp","href":"https:\/\/api.w.org\/{rel}","templated":true}]}}