{"id":2288,"date":"2018-11-04T16:15:08","date_gmt":"2018-11-04T15:15:08","guid":{"rendered":"http:\/\/www.zonaires.com\/?page_id=2288"},"modified":"2021-10-02T13:51:43","modified_gmt":"2021-10-02T12:51:43","slug":"jacqueline-dewerdt-ogil","status":"publish","type":"page","link":"https:\/\/www.zonaires.com\/?page_id=2288","title":{"rendered":"Jacqueline Dewerdt-Ogil"},"content":{"rendered":"<p><img loading=\"lazy\" class=\"alignleft wp-image-2289\" src=\"https:\/\/www.zonaires.com\/wp-content\/uploads\/2018\/11\/St-Pol-ouvrage-Jacqueline-Dewerdt.jpg\" alt=\"\" width=\"139\" height=\"165\" srcset=\"https:\/\/www.zonaires.com\/wp-content\/uploads\/2018\/11\/St-Pol-ouvrage-Jacqueline-Dewerdt.jpg 483w, https:\/\/www.zonaires.com\/wp-content\/uploads\/2018\/11\/St-Pol-ouvrage-Jacqueline-Dewerdt-300x357.jpg 300w\" sizes=\"(max-width: 139px) 100vw, 139px\" \/><\/p>\n<p>Jacqueline Dewerdt-Ogil partage son temps entre l\u2019\u00e9criture et la vie associative, notamment au sein de l\u2019\u00e9cole de cirque \u00abCirqu\u2019en Cavale\u00bb. Elle appr\u00e9cie particuli\u00e8rement le genre de la nouvelle qu\u2019elle pratique depuis de nombreuses ann\u00e9es. Elle a publi\u00e9 un r\u00e9cit intitul\u00e9 \u00abPas tout facile la vie \u2013 Des clowns chez Emma\u00fcs\u00bb (2012).\u00a0Son recueil de nouvelles <a href=\"https:\/\/www.zonaires.com\/?p=653\">Est-ce que les enfants jouent pendant les guerres ?<\/a>\u00a0 est paru en 2014 chez Zonaires \u00e9ditions.<\/p>\n<p>Son premier roman : <a href=\"https:\/\/www.zonaires.com\/?p=1957\">Un tilleul n&#8217;est pas un peuplier<\/a> est paru en f\u00e9vrier 2018.<\/p>\n<p>Parution en octobre 2021 d&#8217;un nouveau roman : <a href=\"https:\/\/www.zonaires.com\/?p=3831\">Suzanne et ceux de la rue d&#8217;En-Bas<\/a><\/p>\n","protected":false},"excerpt":{"rendered":"<p>Jacqueline Dewerdt-Ogil partage son temps entre l\u2019\u00e9criture et la vie associative, notamment au sein de l\u2019\u00e9cole de cirque \u00abCirqu\u2019en Cavale\u00bb. Elle appr\u00e9cie particuli\u00e8rement le genre de la nouvelle qu\u2019elle pratique [&hellip;]<\/p>\n","protected":false},"author":1,"featured_media":0,"parent":0,"menu_order":0,"comment_status":"closed","ping_status":"closed","template":"","meta":[],"_links":{"self":[{"href":"https:\/\/www.zonaires.com\/index.php?rest_route=\/wp\/v2\/pages\/2288"}],"collection":[{"href":"https:\/\/www.zonaires.com\/index.php?rest_route=\/wp\/v2\/pages"}],"about":[{"href":"https:\/\/www.zonaires.com\/index.php?rest_route=\/wp\/v2\/types\/page"}],"author":[{"embeddable":true,"href":"https:\/\/www.zonaires.com\/index.php?rest_route=\/wp\/v2\/users\/1"}],"replies":[{"embeddable":true,"href":"https:\/\/www.zonaires.com\/index.php?rest_route=%2Fwp%2Fv2%2Fcomments&post=2288"}],"version-history":[{"count":4,"href":"https:\/\/www.zonaires.com\/index.php?rest_route=\/wp\/v2\/pages\/2288\/revisions"}],"predecessor-version":[{"id":3862,"href":"https:\/\/www.zonaires.com\/index.php?rest_route=\/wp\/v2\/pages\/2288\/revisions\/3862"}],"wp:attachment":[{"href":"https:\/\/www.zonaires.com\/index.php?rest_route=%2Fwp%2Fv2%2Fmedia&parent=2288"}],"curies":[{"name":"wp","href":"https:\/\/api.w.org\/{rel}","templated":true}]}}