{"id":2273,"date":"2018-11-04T15:47:06","date_gmt":"2018-11-04T14:47:06","guid":{"rendered":"http:\/\/www.zonaires.com\/?page_id=2273"},"modified":"2018-11-04T15:50:57","modified_gmt":"2018-11-04T14:50:57","slug":"claude-bachelier","status":"publish","type":"page","link":"https:\/\/www.zonaires.com\/?page_id=2273","title":{"rendered":"Claude Bachelier"},"content":{"rendered":"<p><img loading=\"lazy\" class=\"alignleft wp-image-1667\" src=\"https:\/\/www.zonaires.com\/wp-content\/uploads\/2017\/03\/Claude-Bachelier.jpg\" alt=\"\" width=\"137\" height=\"179\" srcset=\"https:\/\/www.zonaires.com\/wp-content\/uploads\/2017\/03\/Claude-Bachelier.jpg 440w, https:\/\/www.zonaires.com\/wp-content\/uploads\/2017\/03\/Claude-Bachelier-300x391.jpg 300w\" sizes=\"(max-width: 137px) 100vw, 137px\" \/><\/p>\n<p>Durant des ann\u00e9es Claude Bachelier a parcouru le monde sur terre comme en mer et puis voil\u00e0 qu\u2019apr\u00e8s avoir franchi d\u00e9troits et caps, travers\u00e9s gorges et d\u00e9fil\u00e9s, il prend la plume pour raconter la vie, le quotidien de gens qui ne sont pas des h\u00e9ros, qui ont ce petit plus qui les rend si diff\u00e9rents et qu\u2019un jour, peut-\u00eatre, il a crois\u00e9 sans les voir.<\/p>\n<p>Claude Bachelier a publi\u00e9 deux romans chez Zonaires \u00e9ditions : <a href=\"https:\/\/www.zonaires.com\/?p=557\">Ang\u00e8le Cartier<\/a> et <a href=\"https:\/\/www.zonaires.com\/?p=1663\">M\u00e9moires d&#8217;un tueur ordinaire<\/a><\/p>\n","protected":false},"excerpt":{"rendered":"<p>Durant des ann\u00e9es Claude Bachelier a parcouru le monde sur terre comme en mer et puis voil\u00e0 qu\u2019apr\u00e8s avoir franchi d\u00e9troits et caps, travers\u00e9s gorges et d\u00e9fil\u00e9s, il prend la [&hellip;]<\/p>\n","protected":false},"author":1,"featured_media":0,"parent":0,"menu_order":0,"comment_status":"closed","ping_status":"closed","template":"","meta":[],"_links":{"self":[{"href":"https:\/\/www.zonaires.com\/index.php?rest_route=\/wp\/v2\/pages\/2273"}],"collection":[{"href":"https:\/\/www.zonaires.com\/index.php?rest_route=\/wp\/v2\/pages"}],"about":[{"href":"https:\/\/www.zonaires.com\/index.php?rest_route=\/wp\/v2\/types\/page"}],"author":[{"embeddable":true,"href":"https:\/\/www.zonaires.com\/index.php?rest_route=\/wp\/v2\/users\/1"}],"replies":[{"embeddable":true,"href":"https:\/\/www.zonaires.com\/index.php?rest_route=%2Fwp%2Fv2%2Fcomments&post=2273"}],"version-history":[{"count":5,"href":"https:\/\/www.zonaires.com\/index.php?rest_route=\/wp\/v2\/pages\/2273\/revisions"}],"predecessor-version":[{"id":2279,"href":"https:\/\/www.zonaires.com\/index.php?rest_route=\/wp\/v2\/pages\/2273\/revisions\/2279"}],"wp:attachment":[{"href":"https:\/\/www.zonaires.com\/index.php?rest_route=%2Fwp%2Fv2%2Fmedia&parent=2273"}],"curies":[{"name":"wp","href":"https:\/\/api.w.org\/{rel}","templated":true}]}}