{"id":2268,"date":"2018-11-04T15:41:03","date_gmt":"2018-11-04T14:41:03","guid":{"rendered":"http:\/\/www.zonaires.com\/?page_id=2268"},"modified":"2025-05-02T07:28:03","modified_gmt":"2025-05-02T06:28:03","slug":"valerie-brun","status":"publish","type":"page","link":"https:\/\/www.zonaires.com\/?page_id=2268","title":{"rendered":"Val\u00e9rie Brun"},"content":{"rendered":"<p>&nbsp;<\/p>\n<p><img loading=\"lazy\" class=\"alignleft wp-image-2138\" src=\"https:\/\/www.zonaires.com\/wp-content\/uploads\/2013\/06\/Val\u00e9rie-Brun.jpg\" alt=\"\" width=\"195\" height=\"195\" \/><\/p>\n<p>&nbsp;<\/p>\n<p><strong>Val\u00e9rie BRUN<\/strong> est dipl\u00f4m\u00e9e d\u2019Histoire. Depuis 2011, elle se consacre \u00e0 l\u2019\u00e9criture. Elle a publi\u00e9 plusieurs ouvrages dont deux recueils de nouvelles noires, \u00ab Le sort en est jet\u00e9 \u00bb, prim\u00e9 au Salon du livre d\u2019Allevard (Is\u00e8re), \u00ab <a href=\"https:\/\/www.zonaires.com\/?p=1174\">Innocences envol\u00e9es<\/a> \u00bb chez Zonaires \u00e9ditions et un roman \u00ab Un pacte au go\u00fbt de cendre \u00bb, prim\u00e9 au concours international de Servon sur Vilaine. En 2017, elle publie son second roman <a href=\"https:\/\/www.zonaires.com\/?page_id=2169\">Bleu horizon<\/a> chez Zonaires \u00e9ditions.<\/p>\n<p>Derniers ouvrages parus :<\/p>\n<p><a href=\"https:\/\/www.zonaires.com\/?p=2618\">La lign\u00e9e rompue<\/a>, roman &#8211;\u00a0<a href=\"https:\/\/www.zonaires.com\/?p=4252\">Neige pourpre<\/a>, roman &#8211;\u00a0<a href=\"https:\/\/www.zonaires.com\/?p=5170\">Des fleurs en eaux troubles<\/a>, roman<\/p>\n<p>&nbsp;<\/p>\n<p>Portait de Val\u00e9rie Brun publi\u00e9 dans le journal de Saint Martin d&#8217;H\u00e8res.<\/p>\n<p><img loading=\"lazy\" class=\"size-large wp-image-2680 alignleft\" src=\"https:\/\/www.zonaires.com\/wp-content\/uploads\/2019\/05\/Portait-V.-Brun-journal-SMH-2-726x1024.jpg\" alt=\"\" width=\"726\" height=\"1024\" srcset=\"https:\/\/www.zonaires.com\/wp-content\/uploads\/2019\/05\/Portait-V.-Brun-journal-SMH-2-726x1024.jpg 726w, https:\/\/www.zonaires.com\/wp-content\/uploads\/2019\/05\/Portait-V.-Brun-journal-SMH-2-148x210.jpg 148w, https:\/\/www.zonaires.com\/wp-content\/uploads\/2019\/05\/Portait-V.-Brun-journal-SMH-2-300x423.jpg 300w, https:\/\/www.zonaires.com\/wp-content\/uploads\/2019\/05\/Portait-V.-Brun-journal-SMH-2-768x1083.jpg 768w\" sizes=\"(max-width: 726px) 100vw, 726px\" \/><\/p>\n<p>&nbsp;<\/p>\n","protected":false},"excerpt":{"rendered":"<p>&nbsp; &nbsp; Val\u00e9rie BRUN est dipl\u00f4m\u00e9e d\u2019Histoire. Depuis 2011, elle se consacre \u00e0 l\u2019\u00e9criture. Elle a publi\u00e9 plusieurs ouvrages dont deux recueils de nouvelles noires, \u00ab Le sort en est [&hellip;]<\/p>\n","protected":false},"author":1,"featured_media":0,"parent":0,"menu_order":0,"comment_status":"closed","ping_status":"closed","template":"","meta":[],"_links":{"self":[{"href":"https:\/\/www.zonaires.com\/index.php?rest_route=\/wp\/v2\/pages\/2268"}],"collection":[{"href":"https:\/\/www.zonaires.com\/index.php?rest_route=\/wp\/v2\/pages"}],"about":[{"href":"https:\/\/www.zonaires.com\/index.php?rest_route=\/wp\/v2\/types\/page"}],"author":[{"embeddable":true,"href":"https:\/\/www.zonaires.com\/index.php?rest_route=\/wp\/v2\/users\/1"}],"replies":[{"embeddable":true,"href":"https:\/\/www.zonaires.com\/index.php?rest_route=%2Fwp%2Fv2%2Fcomments&post=2268"}],"version-history":[{"count":8,"href":"https:\/\/www.zonaires.com\/index.php?rest_route=\/wp\/v2\/pages\/2268\/revisions"}],"predecessor-version":[{"id":5182,"href":"https:\/\/www.zonaires.com\/index.php?rest_route=\/wp\/v2\/pages\/2268\/revisions\/5182"}],"wp:attachment":[{"href":"https:\/\/www.zonaires.com\/index.php?rest_route=%2Fwp%2Fv2%2Fmedia&parent=2268"}],"curies":[{"name":"wp","href":"https:\/\/api.w.org\/{rel}","templated":true}]}}