{"id":2263,"date":"2018-11-04T14:44:21","date_gmt":"2018-11-04T13:44:21","guid":{"rendered":"http:\/\/www.zonaires.com\/?page_id=2263"},"modified":"2019-09-23T09:44:28","modified_gmt":"2019-09-23T08:44:28","slug":"laurence-marconi","status":"publish","type":"page","link":"https:\/\/www.zonaires.com\/?page_id=2263","title":{"rendered":"Laurence Marconi"},"content":{"rendered":"<p><img loading=\"lazy\" class=\"alignleft size-full wp-image-1846\" src=\"https:\/\/www.zonaires.com\/wp-content\/uploads\/2017\/12\/Laurence-Marconi-2-nb-e1512464451508.jpg\" alt=\"\" width=\"180\" height=\"200\" \/><\/p>\n<p>Laurence Marconi a longtemps enseign\u00e9 l\u2019anglais dans un coll\u00e8ge de Seine-et- Marne. Elle \u00e9crit des nouvelles depuis dix ans. Certaines, prim\u00e9es \u00e0 l\u2019occasion de concours, \u2013 qui lui ont permis de participer \u00e0 de nombreuses remises de prix et de faire de belles rencontres \u2013 ont \u00e9t\u00e9 \u00e9dit\u00e9es dans des revues et des recueils collectifs. Sur un air de Gershwin, son premier recueil, a remport\u00e9 le prix des Beffrois en 2014.<\/p>\n<p>Ouvrages parus chez Zonaires \u00e9ditions :<\/p>\n<p><a href=\"https:\/\/www.zonaires.com\/?p=2766\">Quand bruissent les bambous<\/a><\/p>\n<p><a href=\"https:\/\/www.zonaires.com\/?p=1843\">L&#8217;ombre de la colline<\/a><\/p>\n","protected":false},"excerpt":{"rendered":"<p>Laurence Marconi a longtemps enseign\u00e9 l\u2019anglais dans un coll\u00e8ge de Seine-et- Marne. Elle \u00e9crit des nouvelles depuis dix ans. Certaines, prim\u00e9es \u00e0 l\u2019occasion de concours, \u2013 qui lui ont permis [&hellip;]<\/p>\n","protected":false},"author":1,"featured_media":0,"parent":0,"menu_order":0,"comment_status":"closed","ping_status":"closed","template":"","meta":[],"_links":{"self":[{"href":"https:\/\/www.zonaires.com\/index.php?rest_route=\/wp\/v2\/pages\/2263"}],"collection":[{"href":"https:\/\/www.zonaires.com\/index.php?rest_route=\/wp\/v2\/pages"}],"about":[{"href":"https:\/\/www.zonaires.com\/index.php?rest_route=\/wp\/v2\/types\/page"}],"author":[{"embeddable":true,"href":"https:\/\/www.zonaires.com\/index.php?rest_route=\/wp\/v2\/users\/1"}],"replies":[{"embeddable":true,"href":"https:\/\/www.zonaires.com\/index.php?rest_route=%2Fwp%2Fv2%2Fcomments&post=2263"}],"version-history":[{"count":6,"href":"https:\/\/www.zonaires.com\/index.php?rest_route=\/wp\/v2\/pages\/2263\/revisions"}],"predecessor-version":[{"id":2804,"href":"https:\/\/www.zonaires.com\/index.php?rest_route=\/wp\/v2\/pages\/2263\/revisions\/2804"}],"wp:attachment":[{"href":"https:\/\/www.zonaires.com\/index.php?rest_route=%2Fwp%2Fv2%2Fmedia&parent=2263"}],"curies":[{"name":"wp","href":"https:\/\/api.w.org\/{rel}","templated":true}]}}