{"id":2254,"date":"2018-11-04T14:38:21","date_gmt":"2018-11-04T13:38:21","guid":{"rendered":"http:\/\/www.zonaires.com\/?page_id=2254"},"modified":"2026-03-31T10:22:41","modified_gmt":"2026-03-31T09:22:41","slug":"julie-legrand","status":"publish","type":"page","link":"https:\/\/www.zonaires.com\/?page_id=2254","title":{"rendered":"Julie Legrand"},"content":{"rendered":"<p><img loading=\"lazy\" class=\"alignleft wp-image-2050\" src=\"https:\/\/www.zonaires.com\/wp-content\/uploads\/2018\/06\/Photo-J.-Legrand-300x381.jpg\" alt=\"\" width=\"221\" height=\"280\" srcset=\"https:\/\/www.zonaires.com\/wp-content\/uploads\/2018\/06\/Photo-J.-Legrand-300x381.jpg 300w, https:\/\/www.zonaires.com\/wp-content\/uploads\/2018\/06\/Photo-J.-Legrand.jpg 568w\" sizes=\"(max-width: 221px) 100vw, 221px\" \/><br \/>\nOriginaire de Paris, Julie Legrand vit sur l\u2019\u00eele de la R\u00e9union depuis 2008.Son \u00e9criture explore diff\u00e9rents territoires litt\u00e9raires : de la nouvelle au r\u00e9cit po\u00e9tique, en passant par le th\u00e9\u00e2tre ou l\u2019album jeunesse. Ses textes ont paru dans une quinzaine de revues litt\u00e9raires, recueils collectifs d\u2019\u00e9diteurs et de libraires, publications papier ou d\u00e9mat\u00e9rialis\u00e9es.<br \/>\n<a href=\"https:\/\/www.zonaires.com\/?p=2049\">La fleur que tu m\u2019avais jet\u00e9e<\/a> est sa deuxi\u00e8me publication chez Zonaires \u00e9ditions, apr\u00e8s <a href=\"https:\/\/www.zonaires.com\/?p=1707\">Les Ravissants<\/a>, recueil de nouvelles paru en 2017.<\/p>\n<p>Nouveaut\u00e9 2020 : <a href=\"https:\/\/www.zonaires.com\/?p=3047\">Constellation du corbeau<\/a>, roman<\/p>\n<p>Nouveaut\u00e9 2023 : <a href=\"https:\/\/www.zonaires.com\/?p=4309\">L&#8217;Antichambre de la pluie<\/a>, nouvelles<\/p>\n<p>Nouveaut\u00e9 2026 : <a href=\"https:\/\/www.zonaires.com\/?p=5416\">Casting sauvage<\/a>, chroniques et microfictions<\/p>\n","protected":false},"excerpt":{"rendered":"<p>Originaire de Paris, Julie Legrand vit sur l\u2019\u00eele de la R\u00e9union depuis 2008.Son \u00e9criture explore diff\u00e9rents territoires litt\u00e9raires : de la nouvelle au r\u00e9cit po\u00e9tique, en passant par le th\u00e9\u00e2tre [&hellip;]<\/p>\n","protected":false},"author":1,"featured_media":0,"parent":0,"menu_order":0,"comment_status":"closed","ping_status":"closed","template":"","meta":[],"_links":{"self":[{"href":"https:\/\/www.zonaires.com\/index.php?rest_route=\/wp\/v2\/pages\/2254"}],"collection":[{"href":"https:\/\/www.zonaires.com\/index.php?rest_route=\/wp\/v2\/pages"}],"about":[{"href":"https:\/\/www.zonaires.com\/index.php?rest_route=\/wp\/v2\/types\/page"}],"author":[{"embeddable":true,"href":"https:\/\/www.zonaires.com\/index.php?rest_route=\/wp\/v2\/users\/1"}],"replies":[{"embeddable":true,"href":"https:\/\/www.zonaires.com\/index.php?rest_route=%2Fwp%2Fv2%2Fcomments&post=2254"}],"version-history":[{"count":11,"href":"https:\/\/www.zonaires.com\/index.php?rest_route=\/wp\/v2\/pages\/2254\/revisions"}],"predecessor-version":[{"id":5483,"href":"https:\/\/www.zonaires.com\/index.php?rest_route=\/wp\/v2\/pages\/2254\/revisions\/5483"}],"wp:attachment":[{"href":"https:\/\/www.zonaires.com\/index.php?rest_route=%2Fwp%2Fv2%2Fmedia&parent=2254"}],"curies":[{"name":"wp","href":"https:\/\/api.w.org\/{rel}","templated":true}]}}