{"id":2251,"date":"2018-11-04T14:33:17","date_gmt":"2018-11-04T13:33:17","guid":{"rendered":"http:\/\/www.zonaires.com\/?page_id=2251"},"modified":"2023-09-28T07:49:44","modified_gmt":"2023-09-28T06:49:44","slug":"alain-emery","status":"publish","type":"page","link":"https:\/\/www.zonaires.com\/?page_id=2251","title":{"rendered":"Alain Emery"},"content":{"rendered":"<p><strong><img loading=\"lazy\" class=\"alignleft wp-image-2110\" src=\"https:\/\/www.zonaires.com\/wp-content\/uploads\/2018\/10\/Alain-E3-300x300.jpg\" alt=\"\" width=\"201\" height=\"201\" srcset=\"https:\/\/www.zonaires.com\/wp-content\/uploads\/2018\/10\/Alain-E3-300x300.jpg 300w, https:\/\/www.zonaires.com\/wp-content\/uploads\/2018\/10\/Alain-E3-768x768.jpg 768w, https:\/\/www.zonaires.com\/wp-content\/uploads\/2018\/10\/Alain-E3-1024x1024.jpg 1024w, https:\/\/www.zonaires.com\/wp-content\/uploads\/2018\/10\/Alain-E3.jpg 1146w\" sizes=\"(max-width: 201px) 100vw, 201px\" \/><\/strong><\/p>\n<p>&nbsp;<\/p>\n<p><strong>Autoportrait \u00e0 la torche<\/strong><br \/>\nFace \u00e0 mon reflet, je suis comparable au peintre devant la toile blanche. J\u2019h\u00e9site. Entre le rouge ardent des bateleurs et le bleu de Prusse qui sied aux oc\u00e9ans comme aux m\u00e9lancolies.<br \/>\nJ\u2019esp\u00e8re bien quelques nuances : pouvoir, au noir charnu de mes col\u00e8res, opposer la couleur chaude d\u2019un c\u0153ur ouvert aux quatre vents ; livrer mes cama\u00efeux, m\u2019offrir un clair-obscur. Mais je ne suis s\u00fbr de rien. Au fond, je ne sais de moi que deux ou trois petites choses.<br \/>\nD\u2019abord, que j\u2019\u00e9cris chaque jour, quoi qu\u2019il advienne, comme du fond de cette cabane de jardinier o\u00f9 je me cachais, \u00e9tant gosse. Entre les planches disjointes, les bruits du monde dont j\u2019avais r\u00e9ussi \u00e0 m\u2019extraire me parvenaient alors att\u00e9nu\u00e9s, cotonneux, comme \u00e0 l\u2019aube d\u2019un jour de neige. C\u2019est en partie apr\u00e8s ce feutre que je cours d\u00e9sormais.<br \/>\nEnsuite, et quoi qu\u2019on dise de mon \u00e9criture (qu\u2019elle se montre sensuelle, po\u00e9tique, baroque ; selon les jours, baume ou poison violent. On dit ce qu\u2019on veut) que je m\u2019en sers comme d\u2019une torche. Je traverse les nuits inqui\u00e8tes. Je fouille en nos t\u00e9n\u00e8bres. Sous les ombres, au fond des failles, je cherche l\u2019homme. Celui que je suis. Celui que nous sommes.<br \/>\nEnfin, que le c\u00f4ne de lumi\u00e8re qui tombe de ma lampe de bureau marque la fronti\u00e8re d\u2019un territoire plus vaste qu\u2019il n\u2019y parait. Il est de la taille d\u2019un monde. J\u2019en suis l\u2019heureux souverain. Parce qu\u2019avec trois fois rien \u2013 un peu d\u2019encre, des carnets \u00e0 petits carreaux, autant d\u2019amour que de patience \u2013 je b\u00e2tis des ch\u00e2teaux de cartes qu\u2019il me pla\u00eet de voir tenir debout ; des bastilles au c\u0153ur desquelles, comme on abrite du vent une flamme entre ses mains, je cr\u00e9e de toutes pi\u00e8ces, sans trop savoir comment, de petites histoires, de petites \u00e9motions, dans l\u2019espoir insens\u00e9 qu\u2019elles iront, au-del\u00e0 du temps et de l\u2019espace, vers l\u2019autre, que je ne connais pas et qui m\u2019attend peut-\u00eatre.<\/p>\n<p><strong>Alain Emery<\/strong>, n\u00e9 \u00e0 Saint-Brieuc en 1965, est l\u2019auteur d\u2019une trentaine d\u2019ouvrages (recueils de nouvelles, polars, biographies, chroniques et livres d\u2019art). Il a publi\u00e9 en revue (Matricule des Anges, Br\u00e8ves, Harfang\u2026), particip\u00e9 \u00e0 de nombreuses anthologies et sign\u00e9 des fictions pour Radio France. Il anime aussi des rencontres en biblioth\u00e8que autour de Giono, Faulkner, Cendrars\u2026 Son roman Passage des m\u00e9lancolies, paru aux \u00e9ditions de la Gidouille, a re\u00e7u le Prix des lecteurs de la librairie Le Grenier.<\/p>\n<p>Derniers ouvrage parus : <a href=\"https:\/\/www.zonaires.com\/?p=2098\">SILEX<\/a>\u00a0 &#8211;\u00a0 <a href=\"https:\/\/www.zonaires.com\/?p=4371\">Une vie plus tard<\/a><\/p>\n","protected":false},"excerpt":{"rendered":"<p>&nbsp; Autoportrait \u00e0 la torche Face \u00e0 mon reflet, je suis comparable au peintre devant la toile blanche. J\u2019h\u00e9site. Entre le rouge ardent des bateleurs et le bleu de Prusse [&hellip;]<\/p>\n","protected":false},"author":1,"featured_media":0,"parent":0,"menu_order":0,"comment_status":"closed","ping_status":"closed","template":"","meta":[],"_links":{"self":[{"href":"https:\/\/www.zonaires.com\/index.php?rest_route=\/wp\/v2\/pages\/2251"}],"collection":[{"href":"https:\/\/www.zonaires.com\/index.php?rest_route=\/wp\/v2\/pages"}],"about":[{"href":"https:\/\/www.zonaires.com\/index.php?rest_route=\/wp\/v2\/types\/page"}],"author":[{"embeddable":true,"href":"https:\/\/www.zonaires.com\/index.php?rest_route=\/wp\/v2\/users\/1"}],"replies":[{"embeddable":true,"href":"https:\/\/www.zonaires.com\/index.php?rest_route=%2Fwp%2Fv2%2Fcomments&post=2251"}],"version-history":[{"count":4,"href":"https:\/\/www.zonaires.com\/index.php?rest_route=\/wp\/v2\/pages\/2251\/revisions"}],"predecessor-version":[{"id":4435,"href":"https:\/\/www.zonaires.com\/index.php?rest_route=\/wp\/v2\/pages\/2251\/revisions\/4435"}],"wp:attachment":[{"href":"https:\/\/www.zonaires.com\/index.php?rest_route=%2Fwp%2Fv2%2Fmedia&parent=2251"}],"curies":[{"name":"wp","href":"https:\/\/api.w.org\/{rel}","templated":true}]}}