{"id":2189,"date":"2018-11-02T15:37:34","date_gmt":"2018-11-02T14:37:34","guid":{"rendered":"http:\/\/www.zonaires.com\/?page_id=2189"},"modified":"2018-11-03T09:46:23","modified_gmt":"2018-11-03T08:46:23","slug":"les-ravissants","status":"publish","type":"page","link":"https:\/\/www.zonaires.com\/?page_id=2189","title":{"rendered":"Les Ravissants"},"content":{"rendered":"<p>&nbsp;<\/p>\n<p><a href=\"https:\/\/www.zonaires.com\/?p=1707\"><img loading=\"lazy\" class=\"alignleft size-thumbnail wp-image-2190\" src=\"https:\/\/www.zonaires.com\/wp-content\/uploads\/2018\/11\/Couverture-Les-RavissantsR-150x250.jpg\" alt=\"\" width=\"150\" height=\"250\" \/><\/a><\/p>\n<p>&nbsp;<\/p>\n<p><strong>Les Ravissants<\/strong> de <strong>Julie Legrand<\/strong><\/p>\n<p>&nbsp;<\/p>\n<p><strong>Fairy tale<\/strong><\/p>\n<p>Des fois, quand je vais toquer \u00e0 sa porte le matin, mamie demande avec une grosse voix : \u00ab C\u2019est qui ? \u00bb<br \/>\nComme quand le loup a d\u00e9vor\u00e9 la m\u00e8re-grand dans l\u2019histoire, m\u00eame si on le sait seulement apr\u00e8s que le Chaperon a dit : \u00ab Comme tu as de grandes dents ! \u00bb et que le loup lui a r\u00e9pondu : \u00ab C\u2019est pour mieux te manger mon enfant\u2026 \u00bb.<br \/>\n\u00ab C\u2019est moi Z\u00e9z\u00e9, je dis en posant le plateau du petit-d\u00e9jeuner, j\u2019apporte ta galette et ton petit pot de beurre ! \u00bb.<br \/>\n\u00ab Tire la bobinette et la chevillette cherra ! \u00bb crie mamie, m\u00eame si je sais que c\u2019est pour de faux puisqu\u2019il n\u2019y a pas de bobinette sur la porte, sa chambre est ferm\u00e9e \u00e0 cl\u00e9, et il faut demander \u00e0 Rani ou \u00e0 maman pour l\u2019ouvrir.<br \/>\nMais il y a des fois o\u00f9 mamie a mal dormi \u00e0 cause d\u2019un petit pois sous le matelas qui l\u2019a emp\u00each\u00e9 de se lever.<br \/>\nJ\u2019ai beau faire \u00ab toc, toc, toc \u00bb \u00e0 sa porte, elle crie \u00ab Mal, mal, mal, mal, mal\u2026 \u00bb, jusqu\u2019\u00e0 ce que je me bouche les oreilles en disant : \u00ab Arr\u00eate, mamie ! \u00bb et que maman qui est en train de bronzer pr\u00e8s de la piscine en maillot de bain blanc me dise : \u00ab Laisse mamie tranquille, Ys\u00e9. \u00bb<br \/>\nD\u2019autres fois, mamie est de mauvaise humeur et ne veut pas jouer avec moi, comme la princesse malpolie qui ne veut pas pr\u00eater sa balle en or au crapaud, mais est oblig\u00e9e de l\u2019embrasser \u00e0 la fin pour le transformer en prince, m\u00eame que c\u2019est bien fait pour elle.<br \/>\n\u00ab D\u00e9gage, elle dit d\u2019une voix tr\u00e8s f\u00e2ch\u00e9e, pauvre merde d\u00e9gueulasse \u00bb, et d\u2019autres gros mots qui me font rigoler m\u00eame si on n\u2019a pas le droit de les dire en vrai.<br \/>\nEt le Prince crapaud est une de mes histoires pr\u00e9f\u00e9r\u00e9es de quand j\u2019avais quatre ans et que mamie me gardait chez elle le mercredi et le samedi, avant que papa et maman d\u00e9m\u00e9nagent sur l\u2019\u00eele et qu\u2019elle ait des probl\u00e8mes dans sa t\u00eate, a dit papa.<br \/>\nMoi j\u2019aimais rester chez ma mamie parce qu\u2019elle m\u2019emmenait au parc et qu\u2019on rigolait quand elle faisait des choses dr\u00f4les comme oublier ses cl\u00e9s, laisser le feu sur la plaque, chercher partout ses lunettes alors qu\u2019elle les avait sur la t\u00eate\u2026<br \/>\nCe que j\u2019aimais le plus, c\u2019est quand elle ouvrait son grand livre de contes avant la sieste et me demandait : \u00ab Laquelle tu veux qu\u2019on lise, aujourd\u2019hui, ch\u00e9rie ? \u00bb<br \/>\nJ\u2019en choisissais une en faisant, \u00ab pic-pic \u00bb et mamie lisait pendant que je su\u00e7ais mon doigt en regardant les images, jusqu\u2019\u00e0 avoir envie de dormir.<br \/>\nEt il y avait des fois o\u00f9 elle inventait l\u2019histoire rien que pour moi, comme celle des deux petites filles pendant la guerre, qui sont si sages et si blondes et vont se cacher \u00e0 la cave pendant un bombardement, et alors une bombe tombe sur la cave et les petites filles sont retrouv\u00e9es des semaines plus tard, les doigts rogn\u00e9s \u00e0 force d\u2019avoir gratt\u00e9 le mur.<br \/>\n\u00ab R-o-g-n-\u00e9-s \u00bb, disait mamie en me regardant dans les yeux.<br \/>\n\u00ab \u00c7a veut dire qu\u2019elles \u00e9taient mortes ? \u00bb je demandais en su\u00e7ant mon doigt et en tirant sur ma veuz\u00e8re qui est un doudou en tissu de quand j\u2019\u00e9tais b\u00e9b\u00e9, mais que j\u2019ai appel\u00e9e comme \u00e7a, je sais pas pourquoi.<br \/>\n\u00ab \u00c0 ton avis, petit ouistiti ? \u00bb riait mamie.<br \/>\nEt il y avait encore d\u2019autres histoires qui font peur, comme celle de la petite fille qui a gagn\u00e9 des m\u00e9dailles de bonne conduite \u00e0 l\u2019\u00e9cole que la maitresse a \u00e9pingl\u00e9es sur son tablier. Un jour, la petite fille rencontre le loup et se cache dans un buisson o\u00f9 elle se met \u00e0 trembler si fort que ses m\u00e9dailles cognent les unes contre les autres, alors, le loup la trouve et l\u2019avale toute crue avec ses m\u00e9dailles en or et argent.<br \/>\n\u00ab Hilarant ! \u00bb rigolait mamie en se tapant sur les cuisses.<br \/>\nOu, quand elle me lisait Blanche-Neige et les sept nains, au moment o\u00f9 Blanche-Neige croquait dans la pomme empoisonn\u00e9e, mamie se mettait \u00e0 crier expr\u00e8s :<br \/>\n\u00ab Blanche-Neige est MORTE, MORTE, MORTE ! Et les nains ne pourront plus rien pour elle ! \u00bb<br \/>\nJusqu\u2019\u00e0 que je serre la veuz\u00e8re tellement j\u2019avais peur, m\u00eame si j\u2019aimais bien \u00e7a quand m\u00eame.<br \/>\nEt le soir, quand papa et maman venaient me chercher et que maman me demandait : \u00ab Tu as pass\u00e9 une bonne journ\u00e9e avec mamie, ch\u00e9rie ? \u00bb j\u2019expliquais les choses qu\u2019on avait faites toutes les deux, comme donner du pain aux canards ou manger de la barbapapa. Je racontais l\u2019histoire des petites filles aux doigts rogn\u00e9s, celle de la mar\u00e2tre train\u00e9e dans un tonneau h\u00e9riss\u00e9 de pointes de fer, ou de la m\u00e9chante reine condamn\u00e9e \u00e0 danser avec des souliers chauff\u00e9s \u00e0 blanc jusqu\u2019\u00e0 ce que mort s\u2019ensuive.<br \/>\nMaman me regardait en fron\u00e7ant le nez comme si quelque chose br\u00fblait dans la cuisine, et se tournait vers mamie en disant :<br \/>\n\u00ab Qu\u2019est-ce que vous racontez comme horreurs \u00e0 cette enfant, Martine, vous voulez lui faire avoir des cauchemars ? \u00bb<br \/>\nMamie avait l\u2019air tout \u00e9tonn\u00e9e et demandait : \u00ab De quoi parlez-vous, Lucie ? \u00bb<br \/>\nEt maman r\u00e9pondait : \u00ab Ne me prenez pas pour une idiote, Martine. \u00bb<br \/>\nMamie se tordait les mains en expliquant que l\u2019histoire de la mar\u00e2tre qui danse dans les souliers chauff\u00e9s \u00e0 blanc \u00e9tait un conte des fr\u00e8res Grimm, et que les fr\u00e8res Grimm, \u00e0 sa connaissance, n\u2019avaient jamais fait de mal \u00e0 personne.<br \/>\n\u00ab Ce sont des histoires inappropri\u00e9es pour une gamine de quatre ans, grondait maman, si \u00e7a continue, nous ferons garder Ys\u00e9 par quelqu\u2019un d\u2019autre\u2026 \u00bb<br \/>\nMamie se tournait vers papa qui regardait ses chaussures et maman me demandait de mettre mon manteau.<br \/>\n\u00ab Embrasse mamie, on y va\u2026 \u00bb, elle disait, d\u2019une voix f\u00e2ch\u00e9e.<br \/>\n\u00ab Mais on va revenir demain, pas vrai ? \u00bb, je demandais en tirant sur sa manche.<br \/>\n\u00ab Vous ne voulez pas rester diner, pour une fois ? suppliait mamie, tout est pr\u00eat, il n\u2019y a qu\u2019\u00e0 passer \u00e0 table.<br \/>\n\u2013 Non, merci, r\u00e9pondait maman en plissant le nez comme si elle repensait \u00e0 la fois o\u00f9 mamie avait servi des pommes de terre crues au d\u00eener parce qu\u2019elle avait oubli\u00e9 d\u2019allumer le feu sous la marmite et que c\u2019\u00e9tait \u00ab immangeable \u00bb, elle avait dit.<br \/>\n\u2013 Une autre fois \u00bb, ajoutait papa d\u2019un air fatigu\u00e9.<br \/>\nEt mamie me faisait un c\u00e2lin en m\u2019appelant son poussin, et je voyais qu\u2019elle \u00e9tait triste parce qu\u2019on avait rigol\u00e9 toutes les deux quand elle avait fait le clown en mettant du sel \u00e0 la place du sucre dans son caf\u00e9, manger comme un cochon en m\u00e2chant la bouche ouverte, mais maintenant je devais rentrer dans ma maison et la laisser tomber comme une vieille chaussette.<br \/>\n\u00ab C\u2019est seulement jusqu\u2019\u00e0 demain, je disais, un petit dodo c\u2019est tout. \u00bb<br \/>\n\u00ab Je sais mon tr\u00e9sor, \u00e0 demain\u2026 \u00bb, r\u00e9pondait mamie.<br \/>\n\u00ab Mais sans histoires qui font peur, on est bien d\u2019accord, Martine ? \u00bb soupirait maman en embrassant mamie sans toucher ses joues avec sa bouche, comme un baiser papillon.<br \/>\n\u00ab C\u2019est promis. \u00bb jurait mamie avant de tourner la t\u00eate et me regarder en me faisant un clin d\u2019\u0153il comme si elle avait dit : \u00ab Parle \u00e0 mon cul, ma t\u00eate est malade !\u00bb, comme les fois o\u00f9 elle s\u2019amusait \u00e0 dire les mots interdits expr\u00e8s pour me faire bisquer.<br \/>\nEt dans l\u2019ascenseur, je jouais avec les boutons des \u00e9tages pour faire comme si je n\u2019entendais pas maman dire \u00e0 papa<br \/>\n\u00ab Elle ne m\u2019inspire plus confiance, je vais mettre Ys\u00e9 \u00e0 la garderie\u2026 \u00bb<br \/>\nMoi, je voulais pas aller \u00e0 la garderie ! Mais heureusement, papa r\u00e9pondait :<br \/>\n\u2013 Maman a toujours \u00e9t\u00e9 fantasque, mais Ys\u00e9 l\u2019adore, et, franchement, elle ne m\u2019a pas l\u2019air traumatis\u00e9e&#8230;<br \/>\n\u2013 Ta m\u00e8re n\u2019a pas une bonne influence sur elle. Elle se n\u00e9glige. Elle est sale. Je suis s\u00fbre qu\u2019elle ne s\u2019est pas lav\u00e9e de la semaine\u2026<br \/>\n\u2013 Tu exag\u00e8res, r\u00e9pondait papa.<br \/>\nEt moi, je tripotais les boutons de l\u2019ascenseur en repensant quand mamie faisait la cochonne \u00e0 table. Quand elle renversait l\u2019assiette sur la nappe \u00e0 cause qu\u2019elle tremblait des mains, et que je savais pas si elle le faisait expr\u00e8s.<br \/>\nApr\u00e8s \u00e7a, quand maman me demandait comment s\u2019\u00e9tait pass\u00e9e la journ\u00e9e avec mamie, je faisais attention de ne pas dire son secret de tout ce qu\u2019elle oubliait dans sa t\u00eate. Et, des fois, mamie me racontait des histoires qui font peur, des fois non. Barbe-Bleue, Le Loup et les sept chevreaux, L\u2019avis\u00e9 petit tailleur.<br \/>\nOu bien elle oubliait des choses que je l\u2019aidais \u00e0 retrouver.<\/p>\n<p>\u2026.<\/p>\n","protected":false},"excerpt":{"rendered":"<p>&nbsp; &nbsp; Les Ravissants de Julie Legrand &nbsp; Fairy tale Des fois, quand je vais toquer \u00e0 sa porte le matin, mamie demande avec une grosse voix : \u00ab C\u2019est [&hellip;]<\/p>\n","protected":false},"author":1,"featured_media":0,"parent":0,"menu_order":0,"comment_status":"closed","ping_status":"closed","template":"","meta":[],"_links":{"self":[{"href":"https:\/\/www.zonaires.com\/index.php?rest_route=\/wp\/v2\/pages\/2189"}],"collection":[{"href":"https:\/\/www.zonaires.com\/index.php?rest_route=\/wp\/v2\/pages"}],"about":[{"href":"https:\/\/www.zonaires.com\/index.php?rest_route=\/wp\/v2\/types\/page"}],"author":[{"embeddable":true,"href":"https:\/\/www.zonaires.com\/index.php?rest_route=\/wp\/v2\/users\/1"}],"replies":[{"embeddable":true,"href":"https:\/\/www.zonaires.com\/index.php?rest_route=%2Fwp%2Fv2%2Fcomments&post=2189"}],"version-history":[{"count":4,"href":"https:\/\/www.zonaires.com\/index.php?rest_route=\/wp\/v2\/pages\/2189\/revisions"}],"predecessor-version":[{"id":2222,"href":"https:\/\/www.zonaires.com\/index.php?rest_route=\/wp\/v2\/pages\/2189\/revisions\/2222"}],"wp:attachment":[{"href":"https:\/\/www.zonaires.com\/index.php?rest_route=%2Fwp%2Fv2%2Fmedia&parent=2189"}],"curies":[{"name":"wp","href":"https:\/\/api.w.org\/{rel}","templated":true}]}}