{"id":2172,"date":"2018-11-02T14:53:51","date_gmt":"2018-11-02T13:53:51","guid":{"rendered":"http:\/\/www.zonaires.com\/?page_id=2172"},"modified":"2018-11-03T09:42:06","modified_gmt":"2018-11-03T08:42:06","slug":"lombre-de-la-colline","status":"publish","type":"page","link":"https:\/\/www.zonaires.com\/?page_id=2172","title":{"rendered":"L&#8217;ombre de la colline"},"content":{"rendered":"<p><a href=\"https:\/\/www.zonaires.com\/?p=1843\"><strong><img loading=\"lazy\" class=\"alignleft size-thumbnail wp-image-1844\" src=\"https:\/\/www.zonaires.com\/wp-content\/uploads\/2017\/12\/Lombre-de-la-colline-couverture-Recto-150x250.jpg\" alt=\"\" width=\"150\" height=\"250\" \/><\/strong><\/a><\/p>\n<p>&nbsp;<\/p>\n<p><strong>L&#8217;ombre de la colline<\/strong> de <strong>Laurence Marconi<\/strong><\/p>\n<p><b>Ch\u00e8re inconnue,<\/b><\/p>\n<p>Tu marches \u00e0 la lisi\u00e8re de l\u2019eau. C\u2019est l\u2019\u00e9t\u00e9. Il est t\u00f4t. Le vent arrache quelques larmes \u00e0 la brume de tes yeux, qu\u2019il s\u2019empresse de s\u00e9cher. Elles dessinent sur tes joues des sillons sal\u00e9s, des vagues minuscules maquill\u00e9es d\u2019\u00e9cume. \u00c0 chaque fois que tu plisses les yeux, tu ressens sur ta peau la br\u00fblure de cette trace blanche. Tu te mords les l\u00e8vres pour ne pas pleurer, pour ne pas m\u00ealer \u00e0 ces larmes factices que le vent te vole des larmes lourdes de chagrin qui ne demandent qu\u2019\u00e0 jaillir. Car tu es triste, ou peut-\u00eatre seulement nostalgique, et ta promenade au bord de la mer n\u2019est rien d\u2019autre qu\u2019un long soupir. Tu cherches \u00e0 chasser cette m\u00e9lancolie qui te submerge. Sinon, pourquoi serais-tu l\u00e0, seule, dans la blancheur d\u2019un matin d\u2019\u00e9t\u00e9\u00a0?<\/p>\n<p>&nbsp;<\/p>\n<p><a id=\"_Hlk498081767\"><\/a>Tu marches, lentement, un peu vo\u00fbt\u00e9e, au plus pr\u00e8s des langues de mer qui s\u2019enroulent et se d\u00e9roulent \u00e0 tes pieds, et tes yeux humides se perdent dans les m\u00e9andres que forment, dans le sable mouill\u00e9, ces longs serpents liquides et luisants. Et puis tu p\u00e9n\u00e8tres jusqu\u2019\u00e0 mi-cuisse dans l\u2019eau dont la fra\u00eecheur te saisit et tu l\u00e2ches la bouteille dans laquelle tu as enferm\u00e9 le r\u00e9cit de tes souvenirs. Tu connais bien les vents et les courants et tu sais qu\u2019aujourd\u2019hui les vagues l\u2019emporteront au large. Elle se laisse chahuter par le roulis, g\u00eete mollement, avant de s\u2019\u00e9loigner. Tu la regardes dispara\u00eetre peu \u00e0 peu et dans tes yeux se refl\u00e8te l\u2019\u00e9clat du ciel qui s\u2019\u00e9crase de tout son poids sur la mer. Tes l\u00e8vres dessinent un sourire en demi-lune quand tu te retournes pour\u00a0sortir de l\u2019eau. Tu es \u00e9mue. Soulag\u00e9e et heureuse. Tu viens de confier ton pass\u00e9 \u00e0 la mer et tu esp\u00e8res qu\u2019un jour un inconnu pourra le recueillir. \u00c0 travers le rideau de tes cheveux gris que le vent emm\u00eale, je devine les traits de ton visage, \u00e9clair\u00e9s d\u2019une joie tout enfantine, et cette expression qui t\u2019anime quand tu penses au moment o\u00f9 cet inconnu d\u00e9couvrira le r\u00e9cit aigre-doux de ta vie. Et\u00a0ce frisson qui parcourt l&#8217;esquif de ton corps est un courant qui t\u2019emporte, loin, jusqu\u2019aux confins de ta m\u00e9moire.<\/p>\n<p>&nbsp;<\/p>\n","protected":false},"excerpt":{"rendered":"<p>&nbsp; L&#8217;ombre de la colline de Laurence Marconi Ch\u00e8re inconnue, Tu marches \u00e0 la lisi\u00e8re de l\u2019eau. C\u2019est l\u2019\u00e9t\u00e9. Il est t\u00f4t. Le vent arrache quelques larmes \u00e0 la brume [&hellip;]<\/p>\n","protected":false},"author":1,"featured_media":0,"parent":0,"menu_order":0,"comment_status":"closed","ping_status":"closed","template":"","meta":[],"_links":{"self":[{"href":"https:\/\/www.zonaires.com\/index.php?rest_route=\/wp\/v2\/pages\/2172"}],"collection":[{"href":"https:\/\/www.zonaires.com\/index.php?rest_route=\/wp\/v2\/pages"}],"about":[{"href":"https:\/\/www.zonaires.com\/index.php?rest_route=\/wp\/v2\/types\/page"}],"author":[{"embeddable":true,"href":"https:\/\/www.zonaires.com\/index.php?rest_route=\/wp\/v2\/users\/1"}],"replies":[{"embeddable":true,"href":"https:\/\/www.zonaires.com\/index.php?rest_route=%2Fwp%2Fv2%2Fcomments&post=2172"}],"version-history":[{"count":3,"href":"https:\/\/www.zonaires.com\/index.php?rest_route=\/wp\/v2\/pages\/2172\/revisions"}],"predecessor-version":[{"id":2219,"href":"https:\/\/www.zonaires.com\/index.php?rest_route=\/wp\/v2\/pages\/2172\/revisions\/2219"}],"wp:attachment":[{"href":"https:\/\/www.zonaires.com\/index.php?rest_route=%2Fwp%2Fv2%2Fmedia&parent=2172"}],"curies":[{"name":"wp","href":"https:\/\/api.w.org\/{rel}","templated":true}]}}