{"id":2162,"date":"2018-11-02T14:25:48","date_gmt":"2018-11-02T13:25:48","guid":{"rendered":"http:\/\/www.zonaires.com\/?page_id=2162"},"modified":"2018-11-02T17:20:59","modified_gmt":"2018-11-02T16:20:59","slug":"extraits-de-livres","status":"publish","type":"page","link":"https:\/\/www.zonaires.com\/?page_id=2162","title":{"rendered":"Extraits de livres"},"content":{"rendered":"<p><img loading=\"lazy\" class=\"alignleft size-full wp-image-2201\" src=\"https:\/\/www.zonaires.com\/wp-content\/uploads\/2018\/11\/Logo-Zonaires3-e1541175605142.jpg\" alt=\"\" width=\"167\" height=\"167\" \/><\/p>\n<p>D\u00e9couvrez un extrait du livre qui vous int\u00e9resse ; cliquer sur l&#8217;image pour retrouver sa pr\u00e9sentation et acc\u00e9der au bon de commande.<\/p>\n","protected":false},"excerpt":{"rendered":"<p>D\u00e9couvrez un extrait du livre qui vous int\u00e9resse ; cliquer sur l&#8217;image pour retrouver sa pr\u00e9sentation et acc\u00e9der au bon de commande.<\/p>\n","protected":false},"author":1,"featured_media":0,"parent":0,"menu_order":0,"comment_status":"closed","ping_status":"closed","template":"","meta":[],"_links":{"self":[{"href":"https:\/\/www.zonaires.com\/index.php?rest_route=\/wp\/v2\/pages\/2162"}],"collection":[{"href":"https:\/\/www.zonaires.com\/index.php?rest_route=\/wp\/v2\/pages"}],"about":[{"href":"https:\/\/www.zonaires.com\/index.php?rest_route=\/wp\/v2\/types\/page"}],"author":[{"embeddable":true,"href":"https:\/\/www.zonaires.com\/index.php?rest_route=\/wp\/v2\/users\/1"}],"replies":[{"embeddable":true,"href":"https:\/\/www.zonaires.com\/index.php?rest_route=%2Fwp%2Fv2%2Fcomments&post=2162"}],"version-history":[{"count":3,"href":"https:\/\/www.zonaires.com\/index.php?rest_route=\/wp\/v2\/pages\/2162\/revisions"}],"predecessor-version":[{"id":2206,"href":"https:\/\/www.zonaires.com\/index.php?rest_route=\/wp\/v2\/pages\/2162\/revisions\/2206"}],"wp:attachment":[{"href":"https:\/\/www.zonaires.com\/index.php?rest_route=%2Fwp%2Fv2%2Fmedia&parent=2162"}],"curies":[{"name":"wp","href":"https:\/\/api.w.org\/{rel}","templated":true}]}}