{"id":1156,"date":"2015-10-19T09:20:16","date_gmt":"2015-10-19T08:20:16","guid":{"rendered":"http:\/\/www.zonaires.com\/?page_id=1156"},"modified":"2015-10-19T10:28:29","modified_gmt":"2015-10-19T09:28:29","slug":"votre-panier","status":"publish","type":"page","link":"https:\/\/www.zonaires.com\/?page_id=1156","title":{"rendered":"Votre panier"},"content":{"rendered":"<form action=\"https:\/\/www.paypal.com\/cgi-bin\/webscr\" method=\"post\" target=\"paypal\"><input name=\"cmd\" type=\"hidden\" value=\"_s-xclick\" \/>Cliquer sur &#8220;Afficher le panier&#8221; pour v\u00e9rifier\u00a0son contenu, continuer vos achats, finaliser votre commande\u00a0ou la\u00a0modifier \u00e9ventuellement.<br \/>\n<input name=\"encrypted\" type=\"hidden\" value=\"-----BEGIN PKCS7-----MIIG1QYJKoZIhvcNAQcEoIIGxjCCBsICAQExggEwMIIBLAIBADCBlDCBjjELMAkGA1UEBhMCVVMxCzAJBgNVBAgTAkNBMRYwFAYDVQQHEw1Nb3VudGFpbiBWaWV3MRQwEgYDVQQKEwtQYXlQYWwgSW5jLjETMBEGA1UECxQKbGl2ZV9jZXJ0czERMA8GA1UEAxQIbGl2ZV9hcGkxHDAaBgkqhkiG9w0BCQEWDXJlQHBheXBhbC5jb20CAQAwDQYJKoZIhvcNAQEBBQAEgYCZMpxOqUa90lWY9nFP789hEb3facAKLSHJ5cJQwRnjv+MHQg4EgkHsINBu8Ssam0LWZ2wrsy0rWBzSvzq8HmXlekdNPj7bS0vjOWoA2+p8UACbvTMM4nt6dPA2UBMGi1X9bVQ+vU2qcdZEYq2B98liIJ764JXlR6xnA2D4qasujzELMAkGBSsOAwIaBQAwUwYJKoZIhvcNAQcBMBQGCCqGSIb3DQMHBAjkeiCX\/NGkK4AwL5CQIW5vamlEBgGGTxgj3RPj0D4iUs\/cGlFnu+kJP\/HRYwrLuKupKFSZc2HrR7iGoIIDhzCCA4MwggLsoAMCAQICAQAwDQYJKoZIhvcNAQEFBQAwgY4xCzAJBgNVBAYTAlVTMQswCQYDVQQIEwJDQTEWMBQGA1UEBxMNTW91bnRhaW4gVmlldzEUMBIGA1UEChMLUGF5UGFsIEluYy4xEzARBgNVBAsUCmxpdmVfY2VydHMxETAPBgNVBAMUCGxpdmVfYXBpMRwwGgYJKoZIhvcNAQkBFg1yZUBwYXlwYWwuY29tMB4XDTA0MDIxMzEwMTMxNVoXDTM1MDIxMzEwMTMxNVowgY4xCzAJBgNVBAYTAlVTMQswCQYDVQQIEwJDQTEWMBQGA1UEBxMNTW91bnRhaW4gVmlldzEUMBIGA1UEChMLUGF5UGFsIEluYy4xEzARBgNVBAsUCmxpdmVfY2VydHMxETAPBgNVBAMUCGxpdmVfYXBpMRwwGgYJKoZIhvcNAQkBFg1yZUBwYXlwYWwuY29tMIGfMA0GCSqGSIb3DQEBAQUAA4GNADCBiQKBgQDBR07d\/ETMS1ycjtkpkvjXZe9k+6CieLuLsPumsJ7QC1odNz3sJiCbs2wC0nLE0uLGaEtXynIgRqIddYCHx88pb5HTXv4SZeuv0Rqq4+axW9PLAAATU8w04qqjaSXgbGLP3NmohqM6bV9kZZwZLR\/klDaQGo1u9uDb9lr4Yn+rBQIDAQABo4HuMIHrMB0GA1UdDgQWBBSWn3y7xm8XvVk\/UtcKG+wQ1mSUazCBuwYDVR0jBIGzMIGwgBSWn3y7xm8XvVk\/UtcKG+wQ1mSUa6GBlKSBkTCBjjELMAkGA1UEBhMCVVMxCzAJBgNVBAgTAkNBMRYwFAYDVQQHEw1Nb3VudGFpbiBWaWV3MRQwEgYDVQQKEwtQYXlQYWwgSW5jLjETMBEGA1UECxQKbGl2ZV9jZXJ0czERMA8GA1UEAxQIbGl2ZV9hcGkxHDAaBgkqhkiG9w0BCQEWDXJlQHBheXBhbC5jb22CAQAwDAYDVR0TBAUwAwEB\/zANBgkqhkiG9w0BAQUFAAOBgQCBXzpWmoBa5e9fo6ujionW1hUhPkOBakTr3YCDjbYfvJEiv\/2P+IobhOGJr85+XHhN0v4gUkEDI8r2\/rNk1m0GA8HKddvTjyGw\/XqXa+LSTlDYkqI8OwR8GEYj4efEtcRpRYBxV8KxAW93YDWzFGvruKnnLbDAF6VR5w\/cCMn5hzGCAZowggGWAgEBMIGUMIGOMQswCQYDVQQGEwJVUzELMAkGA1UECBMCQ0ExFjAUBgNVBAcTDU1vdW50YWluIFZpZXcxFDASBgNVBAoTC1BheVBhbCBJbmMuMRMwEQYDVQQLFApsaXZlX2NlcnRzMREwDwYDVQQDFAhsaXZlX2FwaTEcMBoGCSqGSIb3DQEJARYNcmVAcGF5cGFsLmNvbQIBADAJBgUrDgMCGgUAoF0wGAYJKoZIhvcNAQkDMQsGCSqGSIb3DQEHATAcBgkqhkiG9w0BCQUxDxcNMTUxMDE5MDgxMzA5WjAjBgkqhkiG9w0BCQQxFgQUKjxPmJHdHkc8uIM1HhybkEetujswDQYJKoZIhvcNAQEBBQAEgYBzZ4epopp3uTB5pq6Kt7lTdhTTxTOsabUB6J6furxhQzYmbyfKTPhSTWl8ajKTxR6IxphwdTm\/iZcL\/3ZjjDs6XU6\/CsnJMLQx3T9KuhdPQ0NiaaYGmlSoON+hDjPOajp3L++czfpi+uMzTkRtYo77cxQIGB+Cc7jjoa14vSGsgQ==-----END PKCS7----- \" \/><br \/>\n<input alt=\"PayPal, le r\u00e9flexe s\u00e9curit\u00e9 pour payer en ligne\" name=\"submit\" src=\"https:\/\/www.paypalobjects.com\/fr_FR\/FR\/i\/btn\/btn_viewcart_LG.gif\" type=\"image\" \/><\/p>\n<p>Zonaires \u00e9ditions vous remercie.<br \/>\n<img loading=\"lazy\" src=\"https:\/\/www.paypalobjects.com\/fr_FR\/i\/scr\/pixel.gif\" alt=\"\" width=\"1\" height=\"1\" border=\"0\" \/><\/p>\n<\/form>\n","protected":false},"excerpt":{"rendered":"<p>Cliquer sur &#8220;Afficher le panier&#8221; pour v\u00e9rifier\u00a0son contenu, continuer vos achats, finaliser votre commande\u00a0ou la\u00a0modifier \u00e9ventuellement. Zonaires \u00e9ditions vous remercie.<\/p>\n","protected":false},"author":1,"featured_media":0,"parent":0,"menu_order":0,"comment_status":"open","ping_status":"open","template":"template-full.php","meta":[],"_links":{"self":[{"href":"https:\/\/www.zonaires.com\/index.php?rest_route=\/wp\/v2\/pages\/1156"}],"collection":[{"href":"https:\/\/www.zonaires.com\/index.php?rest_route=\/wp\/v2\/pages"}],"about":[{"href":"https:\/\/www.zonaires.com\/index.php?rest_route=\/wp\/v2\/types\/page"}],"author":[{"embeddable":true,"href":"https:\/\/www.zonaires.com\/index.php?rest_route=\/wp\/v2\/users\/1"}],"replies":[{"embeddable":true,"href":"https:\/\/www.zonaires.com\/index.php?rest_route=%2Fwp%2Fv2%2Fcomments&post=1156"}],"version-history":[{"count":7,"href":"https:\/\/www.zonaires.com\/index.php?rest_route=\/wp\/v2\/pages\/1156\/revisions"}],"predecessor-version":[{"id":1166,"href":"https:\/\/www.zonaires.com\/index.php?rest_route=\/wp\/v2\/pages\/1156\/revisions\/1166"}],"wp:attachment":[{"href":"https:\/\/www.zonaires.com\/index.php?rest_route=%2Fwp%2Fv2%2Fmedia&parent=1156"}],"curies":[{"name":"wp","href":"https:\/\/api.w.org\/{rel}","templated":true}]}}